 
 {"id":1254,"date":"2021-10-21T11:19:29","date_gmt":"2021-10-21T09:19:29","guid":{"rendered":"https:\/\/almach.pl\/sklep\/?post_type=product&#038;p=1254\/"},"modified":"2021-10-21T11:19:29","modified_gmt":"2021-10-21T09:19:29","slug":"podporka-aluminiowa-2-w-1-lyna-ii","status":"publish","type":"product","link":"https:\/\/almach.pl\/sklep\/?product=podporka-aluminiowa-2-w-1-lyna-ii\/","title":{"rendered":"Podp\u00f3rka aluminiowa 2 w 1 Lyna II"},"content":{"rendered":"<p>Klasyczna podp\u00f3rka aluminiowa na czterech stopkach. Regulowana na wysoko\u015b\u0107. Sk\u0142adana , \u0142atwa w transporcie i do przechowywania. Maksymalna dopuszczalna\u00a0<strong>waga u\u017cytkownika 130 kg.<\/strong>\u00a0Dwie barierki w kolorze czarnym \u0142\u0105cz\u0105ce dwie strony na wysoko\u015bci umo\u017cliwiaj\u0105cej stawianie nad toalet\u0105. Lyna II posiada funkcj\u0119\u00a0 2 in 1, tzn. jest dwu funkcyjna , mo\u017ce dzia\u0142a\u0107 jako podp\u00f3rka naprzemienna oraz sta\u0142a.<\/p>\n<p>Opcja dodatkowa do LYNA II to wymienne n\u00f3\u017cki na k\u00f3\u0142ka \u201eMauren\u201d.<\/p>\n<p>Dane techniczne:<\/p>\n<table class=\"table\">\n<tbody>\n<tr>\n<td><center><span id=\"view:_id1:repeat2:0:computedField9\"><img src=\"https:\/\/www.vermeiren.pl\/product\/technicaldetails.nsf\/O\/6C1371EB4AD14DBAC1257E70002C5944\/$FILE\/Walking%20frame%20Lyn%20total%20length.jpg\" \/><\/span><\/center><\/td>\n<td><\/td>\n<td><center><span id=\"view:_id1:repeat2:1:computedField9\"><img src=\"https:\/\/www.vermeiren.pl\/product\/technicaldetails.nsf\/O\/0A8D3A70ECCBFD8DC1257E70002C5166\/$FILE\/Walking%20frame%20Lyn%20total%20height.jpg\" \/><\/span><\/center><\/td>\n<td><\/td>\n<td><center><span id=\"view:_id1:repeat2:2:computedField9\"><img src=\"https:\/\/www.vermeiren.pl\/product\/technicaldetails.nsf\/O\/B7F24C694E0F6F5BC1257E70002C6757\/$FILE\/Walking%20frame%20Lyn%20total%20width.jpg\" \/><\/span><\/center><\/td>\n<td><\/td>\n<td><center><span id=\"view:_id1:repeat2:3:computedField9\"><img src=\"https:\/\/www.vermeiren.pl\/product\/technicaldetails.nsf\/O\/77172A2363ABB168C1257E70002C4484\/$FILE\/Walking%20frame%20Lyn%20folded%20length.jpg\" \/><\/span><\/center><\/td>\n<td><\/td>\n<td><center><span id=\"view:_id1:repeat2:4:computedField9\"><img src=\"https:\/\/www.vermeiren.pl\/product\/technicaldetails.nsf\/O\/480F770C46BB2F62C1257E70002C3E0F\/$FILE\/Walking%20frame%20Lyn%20folded%20height.jpg\" \/><\/span><\/center><\/td>\n<td><\/td>\n<td><center><span id=\"view:_id1:repeat2:5:computedField9\"><img src=\"https:\/\/www.vermeiren.pl\/product\/technicaldetails.nsf\/O\/DF8E02A2850943C4C1257E70002C360E\/$FILE\/Walking%20frame%20Lyn%20distance%20btw%20grips.jpg\" \/><\/span><\/center><\/td>\n<td><\/td>\n<td><center><span id=\"view:_id1:repeat2:6:computedField9\"><img src=\"https:\/\/www.vermeiren.pl\/product\/technicaldetails.nsf\/O\/3C76CE5C87E67245C1257E70002C4B0C\/$FILE\/Walking%20frame%20Lyn%20slope.jpg\" \/><\/span><\/center><\/td>\n<td><\/td>\n<td><center><span id=\"view:_id1:repeat2:7:computedField9\"><img src=\"https:\/\/www.vermeiren.pl\/product\/technicaldetails.nsf\/O\/B4B27A95797B3ACDC1257E70002C6F11\/$FILE\/Walking%20frame%20Lyn%20turning%20diameter.jpg\" \/><\/span><\/center><\/td>\n<td><\/td>\n<td><center><span id=\"view:_id1:repeat2:8:computedField9\"><img src=\"https:\/\/www.vermeiren.pl\/product\/technicaldetails.nsf\/O\/DFD1D41C8E9CAF98C1257E70002C6036\/$FILE\/Walking%20frame%20Lyn%20total%20weight.jpg\" \/><\/span><\/center><\/td>\n<td><\/td>\n<td><center><span id=\"view:_id1:repeat2:9:computedField9\"><img src=\"https:\/\/www.vermeiren.pl\/product\/technicaldetails.nsf\/O\/8C2806737B80C93FC1257E70002C760B\/$FILE\/Walking%20frame%20Lyn%20users%20weight.jpg\" \/><\/span><\/center><\/td>\n<td><\/td>\n<\/tr>\n<tr>\n<td><center><\/p>\n<div id=\"view:_id1:repeat3:0:inputRichText1\">\n<p dir=\"ltr\">470<\/p>\n<\/div>\n<p><\/center><\/td>\n<td><\/td>\n<td><center><\/p>\n<div id=\"view:_id1:repeat3:1:inputRichText1\">\n<p dir=\"ltr\">780-960<\/p>\n<\/div>\n<p><\/center><\/td>\n<td><\/td>\n<td><center><\/p>\n<div id=\"view:_id1:repeat3:2:inputRichText1\">\n<p dir=\"ltr\">540<\/p>\n<\/div>\n<p><\/center><\/td>\n<td><\/td>\n<td><center><\/p>\n<div id=\"view:_id1:repeat3:3:inputRichText1\"><span style=\"font-family: serif; font-size: medium;\">120<\/span><\/div>\n<p><\/center><\/td>\n<td><\/td>\n<td><center><\/p>\n<div id=\"view:_id1:repeat3:4:inputRichText1\">\n<p dir=\"ltr\">780-955<\/p>\n<\/div>\n<p><\/center><\/td>\n<td><\/td>\n<td><center><\/p>\n<div id=\"view:_id1:repeat3:5:inputRichText1\">\n<p dir=\"ltr\">495<\/p>\n<\/div>\n<p><\/center><\/td>\n<td><\/td>\n<td><center><\/p>\n<div id=\"view:_id1:repeat3:6:inputRichText1\">\n<p dir=\"ltr\">5\u00b0<\/p>\n<\/div>\n<p><\/center><\/td>\n<td><\/td>\n<td><center><\/p>\n<div id=\"view:_id1:repeat3:7:inputRichText1\">\n<p dir=\"ltr\">1180<\/p>\n<\/div>\n<p><\/center><\/td>\n<td><\/td>\n<td><center><\/p>\n<div id=\"view:_id1:repeat3:8:inputRichText1\">\n<p dir=\"ltr\">2,65<\/p>\n<\/div>\n<p><\/center><\/td>\n<td><\/td>\n<td><center><\/p>\n<div id=\"view:_id1:repeat3:9:inputRichText1\">\n<p dir=\"ltr\">130<\/p>\n<\/div>\n<p><\/center><\/td>\n<\/tr>\n<\/tbody>\n<\/table>\n","protected":false},"excerpt":{"rendered":"<ul style=\"font-size: 1rem;\">\n<li class=\"transport\"><i class=\"fas fa-dolly\"><\/i> <span style=\"color: #0c7804;\"><strong class=\"transport\"> Darmowa dostawa w Bydgoszczy <\/strong><br \/>\n(przy zam\u00f3wieniu powy\u017cej 100 z\u0142, mo\u017cliwo\u015b\u0107 p\u0142atno\u015bci kart\u0105 przy odbiorze)<\/span><\/li>\n<li class=\"transport\"><i class=\"far fa-eye\"><\/i> Mo\u017cliwo\u015b\u0107 obejrzenia produktu w sklepie stacjonarnym<\/li>\n<li class=\"transport\"><i class=\"fas fa-undo\"><\/i> Mo\u017cliwo\u015b\u0107 zwrotu produktu do <strong>30 dni<\/strong><\/li>\n<li class=\"transport\"><i class=\"far fa-credit-card\"><\/i> <strong> P\u0142atno\u015b\u0107 kart\u0105<\/strong><\/li>\n<\/ul>\n<div class=\"more-link-wrapper\"><a class=\"more-link\" href=\"https:\/\/almach.pl\/sklep\/?product=podporka-aluminiowa-2-w-1-lyna-ii\/\">Read More<span class=\"screen-reader-text\">Podp\u00f3rka aluminiowa 2 w 1 Lyna II<\/span><\/a><\/div>\n","protected":false},"featured_media":1255,"comment_status":"closed","ping_status":"closed","template":"","meta":[],"product_cat":[86,91,92],"product_tag":[],"_links":{"self":[{"href":"https:\/\/almach.pl\/sklep\/index.php?rest_route=\/wp\/v2\/product\/1254"}],"collection":[{"href":"https:\/\/almach.pl\/sklep\/index.php?rest_route=\/wp\/v2\/product"}],"about":[{"href":"https:\/\/almach.pl\/sklep\/index.php?rest_route=\/wp\/v2\/types\/product"}],"replies":[{"embeddable":true,"href":"https:\/\/almach.pl\/sklep\/index.php?rest_route=%2Fwp%2Fv2%2Fcomments&post=1254"}],"wp:featuredmedia":[{"embeddable":true,"href":"https:\/\/almach.pl\/sklep\/index.php?rest_route=\/wp\/v2\/media\/1255"}],"wp:attachment":[{"href":"https:\/\/almach.pl\/sklep\/index.php?rest_route=%2Fwp%2Fv2%2Fmedia&parent=1254"}],"wp:term":[{"taxonomy":"product_cat","embeddable":true,"href":"https:\/\/almach.pl\/sklep\/index.php?rest_route=%2Fwp%2Fv2%2Fproduct_cat&post=1254"},{"taxonomy":"product_tag","embeddable":true,"href":"https:\/\/almach.pl\/sklep\/index.php?rest_route=%2Fwp%2Fv2%2Fproduct_tag&post=1254"}],"curies":[{"name":"wp","href":"https:\/\/api.w.org\/{rel}","templated":true}]}}