 
 {"id":1179,"date":"2021-10-14T11:07:20","date_gmt":"2021-10-14T09:07:20","guid":{"rendered":"https:\/\/almach.pl\/sklep\/?post_type=product&#038;p=1179\/"},"modified":"2021-10-14T11:09:23","modified_gmt":"2021-10-14T09:09:23","slug":"rajstopy-uciskowe-classic-ccl1","status":"publish","type":"product","link":"https:\/\/almach.pl\/sklep\/?product=rajstopy-uciskowe-classic-ccl1\/","title":{"rendered":"Rajstopy uciskowe CLASSIC, 1 klasa kompresji"},"content":{"rendered":"<div class=\"sp-editor js-sp-group \">\n<div class=\"js-sp-group__content\">\n<p>Po\u0144czosznicze wyroby uciskowe s\u0105 wyrobami medycznymi stosowanymi w terapii kompresyjnej. Produkty s\u0105 przeznaczone do d\u0142ugotrwa\u0142ego leczenia oraz do uciskania i zw\u0119\u017cania \u015brednicy \u017cy\u0142. Wyr\u00f3b jest przeznaczony do stosowania na ko\u0144czyny dolne. Wyr\u00f3b wielorazowego u\u017cytku.<\/p>\n<\/div>\n<\/div>\n<div class=\"sp-list js-sp-group\">\n<h2 class=\"sp-list__title js-sp-group__title\">Wskazania<\/h2>\n<div class=\"js-sp-group__content\">\n<ul>\n<li>zaburzenia funkcyjne takie jak uczucie ci\u0119\u017cko\u015bci i zm\u0119czenia n\u00f3g, przy obecnej chorobie \u017cylakowej (C0)*<\/li>\n<li>delikatne \u017cylaki o niewielkiej widoczno\u015bci (ma\u0142e rozszerzone \u017cylaki \u017cy\u0142 powierzchniowych, paj\u0105czki \u017cylne) (C1-C2)*<\/li>\n<li>\u017cylakowato\u015b\u0107 w ci\u0105\u017cy bez obrz\u0119ku (C2)*<\/li>\n<li>\u017cylakowato\u015b\u0107 w ci\u0105\u017cy z obrz\u0119kiem (C3)*<\/li>\n<li>obrz\u0119ki wieczorne, w zale\u017cno\u015bci od przyczyn miejscowych (\u017cylnych) (C3)*<\/li>\n<li>pierwotna choroba \u017cylakowa z obrz\u0119kiem (C3)*<\/li>\n<li>zaawansowana pierwotna choroba \u017cylakowa z obrz\u0119kiem (\u017cylaki pni i \u017cylaki ga\u0142\u0119zi bocznej) (C3)*<\/li>\n<li>przewlek\u0142a niewydolno\u015b\u0107 \u017cylna (PN\u017b)*: stopnia I** (C3)* siatka powierzchownych \u017cy\u0142ek w okolicy kostek; stopnia II** (C4)* z przewlek\u0142ym obrz\u0119kiem***, wypryskowa***, rumieniowa***, podskorna***, z twardzin\u0105 sk\u00f3rn\u0105, hemosyderoz\u0105 sk\u00f3rn\u0105, z bia\u0142ym zanikiem sk\u00f3rnym; stopnia IIIa** (C5)* wyleczone owrzodzenie podudzia (profilaktyka nawrotowa)<\/li>\n<li>profilaktyka zakrzepicy\/zator\u00f3w<\/li>\n<li>zakrzepowe zapalenie \u017cy\u0142 lub \u017cylakowe zapalenie \u017cy\u0142 (zakrzepica powierzchniowa), z obrz\u0119kiem<\/li>\n<li>zakrzepowe zapalenie \u017cy\u0142 (zakrzepica g\u0142\u0119boko\u017cylna)<\/li>\n<li>pozakrzepowy obrz\u0119k z wt\u00f3rn\u0105 terapi\u0105 lub bez niej<\/li>\n<li>aby podtrzyma\u0107 skuteczno\u015b\u0107 terapii: po leczeniu obliteracyjnym \u017cylak\u00f3w; po ambulatoryjnym zabiegu chirurgicznym \u017cylak\u00f3w, po usuwaniu \u017cylak\u00f3w<\/li>\n<li>przed leczeniem obliteracyjnym \u017cylak\u00f3w lub przed operacj\u0105, aby zapobiec obrz\u0119kom<\/li>\n<li>profilaktyka owrzodze\u0144 i terapia owrzodze\u0144<\/li>\n<li>obrz\u0119k pooperacyjny<\/li>\n<li>obrz\u0119k po zako\u0144czeniu terapii podstawowej<\/li>\n<li>odwracalny obrz\u0119k limfatyczny po kompleksowej fizykoterapii obkurczaj\u0105cej<\/li>\n<li>nieodwracalny obrz\u0119k limfatyczny ze stwardnieniem po kompleksowej fizykoterapii obkurczaj\u0105cej<\/li>\n<li>lipodemia stopnia II i wy\u017csza<\/li>\n<li>nawracaj\u0105cy obrz\u0119k idiopatyczny<\/li>\n<li>zator wywo\u0142any brakiem ruchu (artretyczny syndrom zatorowy, niedow\u0142ad i cz\u0119\u015bciowy niedow\u0142ad ko\u0144czyn)<\/li>\n<li>angiodysplazja<\/li>\n<li>*wg klasyfikacji CEAP **Widmer &amp; Marshall ***po zako\u0144czeniu podstawowej terapii<\/li>\n<\/ul>\n<\/div>\n<\/div>\n<div class=\"sp-list js-sp-group\">\n<h2 class=\"sp-list__title js-sp-group__title\">Sk\u0142ad<\/h2>\n<div class=\"js-sp-group__content\">\n<ul>\n<li>Poliamid 78%<\/li>\n<li>Elastan 22%<\/li>\n<\/ul>\n<\/div>\n<\/div>\n<div class=\"sp-table js-sp-group\">\n<h2 class=\"sp-table__title js-sp-group__title\">Tabela rozmiar\u00f3w<\/h2>\n<div class=\"js-sp-group__content\">\n<div class=\"table-wrap table-wrap--left\">\n<div class=\"table-wrap__img\"><img loading=\"lazy\" class=\"lazyloaded\" src=\"https:\/\/www.sklep-sigvaris.com\/wp-content\/uploads\/2021\/01\/1.png\" alt=\"\" width=\"200\" height=\"368\" data-ll-status=\"loaded\" \/><\/div>\n<div class=\"table-wrap__table\">\n<table class=\"table table--big\">\n<thead>\n<tr>\n<td>Miejsce pomiaru<\/td>\n<td>Pomiar (cm)<\/td>\n<td>S<\/td>\n<td>M<\/td>\n<td>L<\/td>\n<td>XL<\/td>\n<\/tr>\n<\/thead>\n<tbody>\n<tr>\n<td>cG<\/td>\n<td>Obw\u00f3d uda (oko\u0142o 5cm poni\u017cej kroku)<\/td>\n<td>43-58<\/td>\n<td>52-70<\/td>\n<td>52-74<\/td>\n<td>64-80<\/td>\n<\/tr>\n<tr>\n<td>CF<\/td>\n<td>Obw\u00f3d w po\u0142owie uda (po\u0142owa odleg\u0142o\u015bci pomi\u0119dzy rzepk\u0105 i krokiem)<\/td>\n<td>40-52<\/td>\n<td>46-61<\/td>\n<td>49-62<\/td>\n<td>56-69<\/td>\n<\/tr>\n<tr>\n<td>cD<\/td>\n<td>Obw\u00f3d pod kolanem (w odleg\u0142o\u015bci 2 palc\u00f3w poni\u017cej kolana)<\/td>\n<td>27-34<\/td>\n<td>32-40<\/td>\n<td>36-43<\/td>\n<td>40-49<\/td>\n<\/tr>\n<tr>\n<td>cC<\/td>\n<td>Obw\u00f3d w najszerszym miejscu \u0142ydki<\/td>\n<td>29-35<\/td>\n<td>34-41<\/td>\n<td>37-45<\/td>\n<td>42-48<\/td>\n<\/tr>\n<tr>\n<td>cB<\/td>\n<td>Obw\u00f3d powy\u017cej kostki, w najw\u0119\u017cszym miejscu<\/td>\n<td>19-21<\/td>\n<td>22-24<\/td>\n<td>25-27<\/td>\n<td>28-31<\/td>\n<\/tr>\n<\/tbody>\n<\/table>\n<\/div>\n<\/div>\n<\/div>\n<\/div>\n<div class=\"sp-table js-sp-group\">\n<div class=\"js-sp-group__content\">\n<div class=\"table-wrap table-wrap--right\">\n<div class=\"table-wrap__table\">\n<table class=\"table table--small\">\n<thead>\n<tr>\n<td><\/td>\n<td>Pomiar<\/td>\n<td>Kr\u00f3tkie<\/td>\n<td>D\u0142ugie<\/td>\n<\/tr>\n<\/thead>\n<tbody>\n<tr>\n<td>Rajstopy, po\u0144czochy<\/td>\n<td>A-G<\/td>\n<td>60-70 cm<\/td>\n<td>71-83 cm<\/td>\n<\/tr>\n<tr>\n<td>Podkolan\u00f3wki<\/td>\n<td>A-D<\/td>\n<td>34-37 cm<\/td>\n<td>38-44 cm<\/td>\n<\/tr>\n<\/tbody>\n<\/table>\n<\/div>\n<\/div>\n<\/div>\n<\/div>\n","protected":false},"excerpt":{"rendered":"<ul style=\"font-size: 1rem;\">\n<li class=\"transport\"><i class=\"fas fa-dolly\"><\/i> <span style=\"color: #0c7804;\"><strong class=\"transport\"> Darmowa dostawa w Bydgoszczy <\/strong><br \/>\n(przy zam\u00f3wieniu powy\u017cej 100 z\u0142, mo\u017cliwo\u015b\u0107 p\u0142atno\u015bci kart\u0105 przy odbiorze)<\/span><\/li>\n<li class=\"transport\"><i class=\"far fa-eye\"><\/i> Mo\u017cliwo\u015b\u0107 obejrzenia produktu w sklepie stacjonarnym<\/li>\n<li class=\"transport\"><i class=\"fas fa-undo\"><\/i> Mo\u017cliwo\u015b\u0107 zwrotu produktu do <strong>30 dni<\/strong><\/li>\n<li class=\"transport\"><i class=\"far fa-credit-card\"><\/i> <strong> P\u0142atno\u015b\u0107 kart\u0105<\/strong><\/li>\n<\/ul>\n<p>Czas realizacji: 3-5 dni<\/p>\n<div class=\"more-link-wrapper\"><a class=\"more-link\" href=\"https:\/\/almach.pl\/sklep\/?product=rajstopy-uciskowe-classic-ccl1\/\">Read More<span class=\"screen-reader-text\">Rajstopy uciskowe CLASSIC, 1 klasa kompresji<\/span><\/a><\/div>\n","protected":false},"featured_media":1180,"comment_status":"closed","ping_status":"closed","template":"","meta":[],"product_cat":[126,44],"product_tag":[],"_links":{"self":[{"href":"https:\/\/almach.pl\/sklep\/index.php?rest_route=\/wp\/v2\/product\/1179"}],"collection":[{"href":"https:\/\/almach.pl\/sklep\/index.php?rest_route=\/wp\/v2\/product"}],"about":[{"href":"https:\/\/almach.pl\/sklep\/index.php?rest_route=\/wp\/v2\/types\/product"}],"replies":[{"embeddable":true,"href":"https:\/\/almach.pl\/sklep\/index.php?rest_route=%2Fwp%2Fv2%2Fcomments&post=1179"}],"wp:featuredmedia":[{"embeddable":true,"href":"https:\/\/almach.pl\/sklep\/index.php?rest_route=\/wp\/v2\/media\/1180"}],"wp:attachment":[{"href":"https:\/\/almach.pl\/sklep\/index.php?rest_route=%2Fwp%2Fv2%2Fmedia&parent=1179"}],"wp:term":[{"taxonomy":"product_cat","embeddable":true,"href":"https:\/\/almach.pl\/sklep\/index.php?rest_route=%2Fwp%2Fv2%2Fproduct_cat&post=1179"},{"taxonomy":"product_tag","embeddable":true,"href":"https:\/\/almach.pl\/sklep\/index.php?rest_route=%2Fwp%2Fv2%2Fproduct_tag&post=1179"}],"curies":[{"name":"wp","href":"https:\/\/api.w.org\/{rel}","templated":true}]}}