 
 {"id":117,"date":"2021-04-28T11:53:27","date_gmt":"2021-04-28T09:53:27","guid":{"rendered":"https:\/\/almach.pl\/sklep-alpha-2021\/?post_type=product&#038;p=117"},"modified":"2021-10-13T14:17:22","modified_gmt":"2021-10-13T12:17:22","slug":"aluminiowe-szyny-podjazdowe","status":"publish","type":"product","link":"https:\/\/almach.pl\/sklep\/?product=aluminiowe-szyny-podjazdowe\/","title":{"rendered":"Aluminiowe szyny podjazdowe"},"content":{"rendered":"<p dir=\"ltr\">Wprowadzanie skuter\u00f3w i w\u00f3zk\u00f3w z nap\u0119dem elektrycznym do auta staje si\u0119 \u0142atwiejsze dzi\u0119ki zastosowaniu ramp. Te sk\u0142adane rampy zapewni\u0105, \u017ce bezpiecznie umie\u015bcisz ci\u0119\u017cki skuter lub w\u00f3zek elektryczny w aucie.<\/p>\n<p dir=\"ltr\">Maksymalne obci\u0105\u017cenie 150 kg na ramp\u0119.<\/p>\n<p dir=\"ltr\">W zestawie torba do przechowywania<\/p>\n<p>D\u0142ugo\u015b\u0107 ca\u0142o\u015bci: 180 cm<\/p>\n<p>D\u0142ugo\u015b\u0107 skrzyd\u0142a: 92 cm<\/p>\n<p>Szeroko\u015b\u0107:\u00a0 37 cm<\/p>\n<p>Szer. powierzchni antypo\u015blizgowej: 29 cm<\/p>\n<p>&nbsp;<\/p>\n","protected":false},"excerpt":{"rendered":"<ul style=\"font-size: 1rem;\">\n<li class=\"transport\"><i class=\"fas fa-dolly\"><\/i> <span style=\"color: #0c7804;\"><strong class=\"transport\"> Darmowa dostawa w Bydgoszczy <\/strong><br \/>\n(przy zam\u00f3wieniu powy\u017cej 100 z\u0142, mo\u017cliwo\u015b\u0107 p\u0142atno\u015bci kart\u0105 przy odbiorze)<\/span><\/li>\n<li class=\"transport\"><i class=\"far fa-eye\"><\/i> Mo\u017cliwo\u015b\u0107 obejrzenia sprz\u0119tu w sklepie stacjonarnym<\/li>\n<li class=\"transport\"><i class=\"fas fa-undo\"><\/i> Mo\u017cliwo\u015b\u0107 zwrotu sprz\u0119tu do <strong>30 dni<\/strong><\/li>\n<li class=\"transport\"><i class=\"far fa-credit-card\"><\/i> <strong> P\u0142atno\u015b\u0107 kart\u0105<\/strong><\/li>\n<\/ul>\n<div class=\"more-link-wrapper\"><a class=\"more-link\" href=\"https:\/\/almach.pl\/sklep\/?product=aluminiowe-szyny-podjazdowe\/\">Read More<span class=\"screen-reader-text\">Aluminiowe szyny podjazdowe<\/span><\/a><\/div>\n","protected":false},"featured_media":380,"comment_status":"closed","ping_status":"closed","template":"","meta":[],"product_cat":[84,80],"product_tag":[],"_links":{"self":[{"href":"https:\/\/almach.pl\/sklep\/index.php?rest_route=\/wp\/v2\/product\/117"}],"collection":[{"href":"https:\/\/almach.pl\/sklep\/index.php?rest_route=\/wp\/v2\/product"}],"about":[{"href":"https:\/\/almach.pl\/sklep\/index.php?rest_route=\/wp\/v2\/types\/product"}],"replies":[{"embeddable":true,"href":"https:\/\/almach.pl\/sklep\/index.php?rest_route=%2Fwp%2Fv2%2Fcomments&post=117"}],"wp:featuredmedia":[{"embeddable":true,"href":"https:\/\/almach.pl\/sklep\/index.php?rest_route=\/wp\/v2\/media\/380"}],"wp:attachment":[{"href":"https:\/\/almach.pl\/sklep\/index.php?rest_route=%2Fwp%2Fv2%2Fmedia&parent=117"}],"wp:term":[{"taxonomy":"product_cat","embeddable":true,"href":"https:\/\/almach.pl\/sklep\/index.php?rest_route=%2Fwp%2Fv2%2Fproduct_cat&post=117"},{"taxonomy":"product_tag","embeddable":true,"href":"https:\/\/almach.pl\/sklep\/index.php?rest_route=%2Fwp%2Fv2%2Fproduct_tag&post=117"}],"curies":[{"name":"wp","href":"https:\/\/api.w.org\/{rel}","templated":true}]}}