 
 {"id":1165,"date":"2021-10-14T09:59:22","date_gmt":"2021-10-14T07:59:22","guid":{"rendered":"https:\/\/almach.pl\/sklep\/?post_type=product&#038;p=1165\/"},"modified":"2021-10-14T10:03:21","modified_gmt":"2021-10-14T08:03:21","slug":"mobilis-manuactive-stabilizator-nadgarstka","status":"publish","type":"product","link":"https:\/\/almach.pl\/sklep\/?product=mobilis-manuactive-stabilizator-nadgarstka\/","title":{"rendered":"Mobilis ManuActive Stabilizator nadgarstka"},"content":{"rendered":"<div class=\"sp-editor js-sp-group \">\n<div class=\"js-sp-group__content\">\n<p>ManuActive idealnie odci\u0105\u017ca nadgarstek w przypadku b\u00f3l\u00f3w spowodowanych artroz\u0105, artretyzmem lub zapaleniem \u015bci\u0119gien. Stabilizator zapewnia kompresj\u0119 i stabilizacj\u0119 dzi\u0119ki szynie na d\u0142o\u0144 i pelocie. Za pomoc\u0105 paska mo\u017cna dodatkowo dopasowa\u0107 stopie\u0144 stabilizacji do swoich potrzeb. Anatomiczny kszta\u0142t i oddychaj\u0105ca dzianina zapewniaj\u0105 wysoki komfort noszenia. Dost\u0119pne s\u0105 modele na lew\u0105 i praw\u0105 r\u0119k\u0119.<\/p>\n<\/div>\n<\/div>\n<div class=\"sp-list js-sp-group\">\n<h2 class=\"sp-list__title js-sp-group__title\">Wskazania<\/h2>\n<div class=\"js-sp-group__content\">\n<ul>\n<li>Artretyzm i artroza<\/li>\n<li>Przewlek\u0142e podra\u017cnienie \/ zapalenie pochewek \u015bci\u0119gnistych<\/li>\n<li>Zesp\u00f3\u0142 cie\u015bni kana\u0142u nadgarstka<\/li>\n<li>Brak stabilno\u015bci<\/li>\n<li>Po operacjach i urazach<\/li>\n<\/ul>\n<\/div>\n<\/div>\n<div class=\"sp-list js-sp-group\">\n<h2 class=\"sp-list__title js-sp-group__title\">Sk\u0142ad<\/h2>\n<div class=\"js-sp-group__content\">\n<ul>\n<li>Poliamid 56%<\/li>\n<li>Guma termoplastyczna 25%<\/li>\n<li>Elastodien 9%<\/li>\n<li>Elastan 5%<\/li>\n<li>Poliester 5%<\/li>\n<\/ul>\n<\/div>\n<\/div>\n<div class=\"sp-table js-sp-group\">\n<h2 class=\"sp-table__title js-sp-group__title\">Tabela rozmiarowa<\/h2>\n<div class=\"js-sp-group__content\">\n<div class=\"table-wrap table-wrap--left\">\n<div class=\"table-wrap__table\">\n<table class=\"table table--big\">\n<thead>\n<tr>\n<td>Rozmiar (cm)<\/td>\n<td>XS<\/td>\n<td>S<\/td>\n<td>M<\/td>\n<td>L<\/td>\n<td>XL<\/td>\n<\/tr>\n<\/thead>\n<tbody>\n<tr>\n<td>Obw\u00f3d nadgarstka, w najw\u0119\u017cszej cz\u0119\u015bci<\/td>\n<td>13-15<\/td>\n<td>15-17<\/td>\n<td>17-19<\/td>\n<td>19-21<\/td>\n<td>21-23<\/td>\n<\/tr>\n<\/tbody>\n<\/table>\n<\/div>\n<\/div>\n<\/div>\n<\/div>\n","protected":false},"excerpt":{"rendered":"<ul style=\"font-size: 1rem;\">\n<li class=\"transport\"><i class=\"fas fa-dolly\"><\/i> <span style=\"color: #0c7804;\"><strong class=\"transport\"> Darmowa dostawa w Bydgoszczy <\/strong><br \/>\n(przy zam\u00f3wieniu powy\u017cej 100 z\u0142, mo\u017cliwo\u015b\u0107 p\u0142atno\u015bci kart\u0105 przy odbiorze)<\/span><\/li>\n<li class=\"transport\"><i class=\"far fa-eye\"><\/i> Mo\u017cliwo\u015b\u0107 obejrzenia produktu w sklepie stacjonarnym<\/li>\n<li class=\"transport\"><i class=\"fas fa-undo\"><\/i> Mo\u017cliwo\u015b\u0107 zwrotu produktu do <strong>30 dni<\/strong><\/li>\n<li class=\"transport\"><i class=\"far fa-credit-card\"><\/i> <strong> P\u0142atno\u015b\u0107 kart\u0105<\/strong><\/li>\n<\/ul>\n<div class=\"more-link-wrapper\"><a class=\"more-link\" href=\"https:\/\/almach.pl\/sklep\/?product=mobilis-manuactive-stabilizator-nadgarstka\/\">Read More<span class=\"screen-reader-text\">Mobilis ManuActive Stabilizator nadgarstka<\/span><\/a><\/div>\n","protected":false},"featured_media":1166,"comment_status":"closed","ping_status":"closed","template":"","meta":[],"product_cat":[113,118],"product_tag":[],"_links":{"self":[{"href":"https:\/\/almach.pl\/sklep\/index.php?rest_route=\/wp\/v2\/product\/1165"}],"collection":[{"href":"https:\/\/almach.pl\/sklep\/index.php?rest_route=\/wp\/v2\/product"}],"about":[{"href":"https:\/\/almach.pl\/sklep\/index.php?rest_route=\/wp\/v2\/types\/product"}],"replies":[{"embeddable":true,"href":"https:\/\/almach.pl\/sklep\/index.php?rest_route=%2Fwp%2Fv2%2Fcomments&post=1165"}],"wp:featuredmedia":[{"embeddable":true,"href":"https:\/\/almach.pl\/sklep\/index.php?rest_route=\/wp\/v2\/media\/1166"}],"wp:attachment":[{"href":"https:\/\/almach.pl\/sklep\/index.php?rest_route=%2Fwp%2Fv2%2Fmedia&parent=1165"}],"wp:term":[{"taxonomy":"product_cat","embeddable":true,"href":"https:\/\/almach.pl\/sklep\/index.php?rest_route=%2Fwp%2Fv2%2Fproduct_cat&post=1165"},{"taxonomy":"product_tag","embeddable":true,"href":"https:\/\/almach.pl\/sklep\/index.php?rest_route=%2Fwp%2Fv2%2Fproduct_tag&post=1165"}],"curies":[{"name":"wp","href":"https:\/\/api.w.org\/{rel}","templated":true}]}}