 
 {"id":1161,"date":"2021-10-14T09:51:03","date_gmt":"2021-10-14T07:51:03","guid":{"rendered":"https:\/\/almach.pl\/sklep\/?post_type=product&#038;p=1161\/"},"modified":"2021-10-14T10:06:30","modified_gmt":"2021-10-14T08:06:30","slug":"mobilis-malleoactive-stabilizator-stawu-skokowego","status":"publish","type":"product","link":"https:\/\/almach.pl\/sklep\/?product=mobilis-malleoactive-stabilizator-stawu-skokowego\/","title":{"rendered":"Mobilis MalleoActive Stabilizator stawu skokowego"},"content":{"rendered":"<div class=\"sp-editor                                                     js-sp-group\n                                                \"><\/p>\n<div class=\"js-sp-group__content\">\n<p>MalleoActive pomaga przy dolegliwo\u015bciach takich jak wysi\u0119k w stawie, obrz\u0119k lub chroniczny b\u00f3l. Anatomicznie ukszta\u0142towane peloty zapewniaj\u0105 idealn\u0105 stabilizacj\u0119, a dodatkowo daj\u0105 przyjemny efekt masa\u017cu. Oddychaj\u0105ca dzianina gwarantuje wysoki komfort noszenia, r\u00f3wnie\u017c w bucie.<\/p>\n<\/div>\n<\/div>\n<div class=\"sp-list js-sp-group\">\n<h2 class=\"sp-list__title js-sp-group__title\">Wskazania<\/h2>\n<div class=\"js-sp-group__content\">\n<ul>\n<li>Artretyzm i artroza<\/li>\n<li>Wysi\u0119k w stawie i obrz\u0119k<\/li>\n<li>Przewlek\u0142e podra\u017cnienie<\/li>\n<\/ul>\n<\/div>\n<\/div>\n<div class=\"sp-list js-sp-group\">\n<h2 class=\"sp-list__title js-sp-group__title\">Sk\u0142ad<\/h2>\n<div class=\"js-sp-group__content\">\n<ul>\n<li>Poliamid 45%<\/li>\n<li>Guma termoplastyczna 40%<\/li>\n<li>Elastodien 10%<\/li>\n<li>Elastan 3%<\/li>\n<li>Poliester 2%<\/li>\n<\/ul>\n<\/div>\n<\/div>\n<div class=\"sp-table js-sp-group\">\n<h2 class=\"sp-table__title js-sp-group__title\">Tabela rozmiar\u00f3w<\/h2>\n<div class=\"js-sp-group__content\">\n<div class=\"table-wrap table-wrap--left\">\n<div class=\"table-wrap__table\">\n<table class=\"table table--big\">\n<thead>\n<tr>\n<td>Rozmiar (cm)<\/td>\n<td>S<\/td>\n<td>M<\/td>\n<td>L<\/td>\n<td>XL<\/td>\n<\/tr>\n<\/thead>\n<tbody>\n<tr>\n<td>Obw\u00f3d kostki w najw\u0119\u017cszym miejscu<\/td>\n<td>16-21<\/td>\n<td>21-26<\/td>\n<td>26-31<\/td>\n<td>31-37<\/td>\n<\/tr>\n<\/tbody>\n<\/table>\n<\/div>\n<\/div>\n<\/div>\n<\/div>\n","protected":false},"excerpt":{"rendered":"<ul style=\"font-size: 1rem;\">\n<li class=\"transport\"><i class=\"fas fa-dolly\"><\/i> <span style=\"color: #0c7804;\"><strong class=\"transport\"> Darmowa dostawa w Bydgoszczy <\/strong><br \/>\n(przy zam\u00f3wieniu powy\u017cej 100 z\u0142, mo\u017cliwo\u015b\u0107 p\u0142atno\u015bci kart\u0105 przy odbiorze)<\/span><\/li>\n<li class=\"transport\"><i class=\"far fa-eye\"><\/i> Mo\u017cliwo\u015b\u0107 obejrzenia produktu w sklepie stacjonarnym<\/li>\n<li class=\"transport\"><i class=\"fas fa-undo\"><\/i> Mo\u017cliwo\u015b\u0107 zwrotu produktu do <strong>30 dni<\/strong><\/li>\n<li class=\"transport\"><i class=\"far fa-credit-card\"><\/i> <strong> P\u0142atno\u015b\u0107 kart\u0105<\/strong><\/li>\n<\/ul>\n<div class=\"more-link-wrapper\"><a class=\"more-link\" href=\"https:\/\/almach.pl\/sklep\/?product=mobilis-malleoactive-stabilizator-stawu-skokowego\/\">Read More<span class=\"screen-reader-text\">Mobilis MalleoActive Stabilizator stawu skokowego<\/span><\/a><\/div>\n","protected":false},"featured_media":1163,"comment_status":"closed","ping_status":"closed","template":"","meta":[],"product_cat":[113,123,122],"product_tag":[],"_links":{"self":[{"href":"https:\/\/almach.pl\/sklep\/index.php?rest_route=\/wp\/v2\/product\/1161"}],"collection":[{"href":"https:\/\/almach.pl\/sklep\/index.php?rest_route=\/wp\/v2\/product"}],"about":[{"href":"https:\/\/almach.pl\/sklep\/index.php?rest_route=\/wp\/v2\/types\/product"}],"replies":[{"embeddable":true,"href":"https:\/\/almach.pl\/sklep\/index.php?rest_route=%2Fwp%2Fv2%2Fcomments&post=1161"}],"wp:featuredmedia":[{"embeddable":true,"href":"https:\/\/almach.pl\/sklep\/index.php?rest_route=\/wp\/v2\/media\/1163"}],"wp:attachment":[{"href":"https:\/\/almach.pl\/sklep\/index.php?rest_route=%2Fwp%2Fv2%2Fmedia&parent=1161"}],"wp:term":[{"taxonomy":"product_cat","embeddable":true,"href":"https:\/\/almach.pl\/sklep\/index.php?rest_route=%2Fwp%2Fv2%2Fproduct_cat&post=1161"},{"taxonomy":"product_tag","embeddable":true,"href":"https:\/\/almach.pl\/sklep\/index.php?rest_route=%2Fwp%2Fv2%2Fproduct_tag&post=1161"}],"curies":[{"name":"wp","href":"https:\/\/api.w.org\/{rel}","templated":true}]}}