 
 {"id":1156,"date":"2021-10-14T09:45:57","date_gmt":"2021-10-14T07:45:57","guid":{"rendered":"https:\/\/almach.pl\/sklep\/?post_type=product&#038;p=1156\/"},"modified":"2021-10-14T09:45:57","modified_gmt":"2021-10-14T07:45:57","slug":"mobilis-epiactive-stabilizator-lokcia","status":"publish","type":"product","link":"https:\/\/almach.pl\/sklep\/?product=mobilis-epiactive-stabilizator-lokcia\/","title":{"rendered":"Mobilis EpiActive Stabilizator \u0142okcia"},"content":{"rendered":"<div class=\"sp-editor                                                     js-sp-group\n                                                \"><\/p>\n<div class=\"js-sp-group__content\">\n<p>Wysi\u0119ki w stawach, podra\u017cnienie i obrz\u0119k powoduj\u0105 b\u00f3l. EpiActive idealnie otacza i podtrzymuje \u0142okie\u0107. Peloty masuj\u0105 i odci\u0105\u017caj\u0105 przyczepy \u015bci\u0119gien. Si\u0142\u0119 kompresji mo\u017cna dodatkowo regulowa\u0107 za pomoc\u0105 paska. Oddychaj\u0105ca i anatomicznie uformowana dzianina gwarantuje wysoki komfort noszenia.<\/p>\n<\/div>\n<\/div>\n<div class=\"sp-list js-sp-group\">\n<h2 class=\"sp-list__title js-sp-group__title\">Wskazania<\/h2>\n<div class=\"js-sp-group__content\">\n<ul>\n<li>Artretyzm i artroza<\/li>\n<li>Wysi\u0119k w stawie i obrz\u0119k<\/li>\n<li>Pooperacyjne i pourazowe stany zapalne<\/li>\n<li>\u0141okie\u0107 tenisisty \/ golfisty<\/li>\n<\/ul>\n<\/div>\n<\/div>\n<div class=\"sp-list js-sp-group\">\n<h2 class=\"sp-list__title js-sp-group__title\">Sk\u0142ad<\/h2>\n<div class=\"js-sp-group__content\">\n<ul>\n<li>Guma termoplastyczna 56%<\/li>\n<li>Poliamid 32%<\/li>\n<li>Elastodien 7%<\/li>\n<li>Elastan 3%<\/li>\n<li>Poliester 2%<\/li>\n<\/ul>\n<\/div>\n<\/div>\n<div class=\"sp-table js-sp-group\">\n<h2 class=\"sp-table__title js-sp-group__title\">Tabela rozmiarowa<\/h2>\n<div class=\"js-sp-group__content\">\n<div class=\"table-wrap table-wrap--left\">\n<div class=\"table-wrap__table\">\n<table class=\"table table--big\">\n<thead>\n<tr>\n<td>Rozmiar (cm)<\/td>\n<td>XS<\/td>\n<td>S<\/td>\n<td>M<\/td>\n<td>L<\/td>\n<td>XL<\/td>\n<\/tr>\n<\/thead>\n<tbody>\n<tr>\n<td>Obw\u00f3d \u0142okcia w zgi\u0119ciu 30 stopni<\/td>\n<td>20-23<\/td>\n<td>23-26<\/td>\n<td>26-29<\/td>\n<td>29-32<\/td>\n<td>32-35<\/td>\n<\/tr>\n<\/tbody>\n<\/table>\n<\/div>\n<\/div>\n<\/div>\n<\/div>\n","protected":false},"excerpt":{"rendered":"<ul style=\"font-size: 1rem;\">\n<li class=\"transport\"><i class=\"fas fa-dolly\"><\/i> <span style=\"color: #0c7804;\"><strong class=\"transport\"> Darmowa dostawa w Bydgoszczy <\/strong><br \/>\n(przy zam\u00f3wieniu powy\u017cej 100 z\u0142, mo\u017cliwo\u015b\u0107 p\u0142atno\u015bci kart\u0105 przy odbiorze)<\/span><\/li>\n<li class=\"transport\"><i class=\"far fa-eye\"><\/i> Mo\u017cliwo\u015b\u0107 obejrzenia produktu w sklepie stacjonarnym<\/li>\n<li class=\"transport\"><i class=\"fas fa-undo\"><\/i> Mo\u017cliwo\u015b\u0107 zwrotu produktu do <strong>30 dni<\/strong><\/li>\n<li class=\"transport\"><i class=\"far fa-credit-card\"><\/i> <strong> P\u0142atno\u015b\u0107 kart\u0105<\/strong><\/li>\n<\/ul>\n<div class=\"more-link-wrapper\"><a class=\"more-link\" href=\"https:\/\/almach.pl\/sklep\/?product=mobilis-epiactive-stabilizator-lokcia\/\">Read More<span class=\"screen-reader-text\">Mobilis EpiActive Stabilizator \u0142okcia<\/span><\/a><\/div>\n","protected":false},"featured_media":1158,"comment_status":"closed","ping_status":"closed","template":"","meta":[],"product_cat":[113,119],"product_tag":[],"_links":{"self":[{"href":"https:\/\/almach.pl\/sklep\/index.php?rest_route=\/wp\/v2\/product\/1156"}],"collection":[{"href":"https:\/\/almach.pl\/sklep\/index.php?rest_route=\/wp\/v2\/product"}],"about":[{"href":"https:\/\/almach.pl\/sklep\/index.php?rest_route=\/wp\/v2\/types\/product"}],"replies":[{"embeddable":true,"href":"https:\/\/almach.pl\/sklep\/index.php?rest_route=%2Fwp%2Fv2%2Fcomments&post=1156"}],"wp:featuredmedia":[{"embeddable":true,"href":"https:\/\/almach.pl\/sklep\/index.php?rest_route=\/wp\/v2\/media\/1158"}],"wp:attachment":[{"href":"https:\/\/almach.pl\/sklep\/index.php?rest_route=%2Fwp%2Fv2%2Fmedia&parent=1156"}],"wp:term":[{"taxonomy":"product_cat","embeddable":true,"href":"https:\/\/almach.pl\/sklep\/index.php?rest_route=%2Fwp%2Fv2%2Fproduct_cat&post=1156"},{"taxonomy":"product_tag","embeddable":true,"href":"https:\/\/almach.pl\/sklep\/index.php?rest_route=%2Fwp%2Fv2%2Fproduct_tag&post=1156"}],"curies":[{"name":"wp","href":"https:\/\/api.w.org\/{rel}","templated":true}]}}