 
 {"id":1134,"date":"2021-10-14T09:28:35","date_gmt":"2021-10-14T07:28:35","guid":{"rendered":"https:\/\/almach.pl\/sklep\/?post_type=product&#038;p=1134\/"},"modified":"2021-10-14T09:28:35","modified_gmt":"2021-10-14T07:28:35","slug":"gorset-stabilizujacy-ledzwiowo-krzyzowy-26-2","status":"publish","type":"product","link":"https:\/\/almach.pl\/sklep\/?product=gorset-stabilizujacy-ledzwiowo-krzyzowy-26-2\/","title":{"rendered":"Gorset stabilizuj\u0105cy l\u0119d\u017awiowo-krzy\u017cowy \u201e26\/2\u201d"},"content":{"rendered":"<div class=\"sp-editor                                                     js-sp-group\n                                                \"><\/p>\n<div class=\"js-sp-group__content\">\n<p>Gorset stabilizuj\u0105cy l\u0119d\u017awiowo-krzy\u017cowy \u201e26\/2\u201d to wyr\u00f3b medyczny wielokrotnego u\u017cytku przeznaczony do wspomagania procesu leczenia oraz rehabilitacji zgodnie ze wskazaniami.<\/p>\n<\/div>\n<\/div>\n<div class=\"sp-list js-sp-group\">\n<h2 class=\"sp-list__title js-sp-group__title\">Wskazania<\/h2>\n<div class=\"js-sp-group__content\">\n<ul>\n<li>Zespo\u0142y b\u00f3lowe kr\u0119gos\u0142upa l\u0119d\u017awiowo-krzy\u017cowego<\/li>\n<li>Rwa kulszowa<\/li>\n<li>B\u00f3l ko\u015bci guzicznej<\/li>\n<li>Dyskopatia odcinka l\u0119d\u017awiowo-krzy\u017cowego<\/li>\n<li>Zmiany zwyrodnieniowe kr\u0119gos\u0142upa l\u0119d\u017awiowego &#8211; spondyloartroza<\/li>\n<li>Profilaktycznie w okresie rehabilitacji<\/li>\n<li>Pourazowo w z\u0142amaniach wyrostk\u00f3w kolczystych i poprzecznych<\/li>\n<li>W celu stabilizacji odcinka l\u0119d\u017awiowo-krzy\u017cowego po operacjach<\/li>\n<li>Profilaktycznie w celu odci\u0105\u017cenia mi\u0119\u015bni przykr\u0119gos\u0142upowych u os\u00f3b pracuj\u0105cych fizycznie w nieprawid\u0142owych i wymuszonych pozycjach<\/li>\n<\/ul>\n<\/div>\n<\/div>\n<div class=\"sp-list js-sp-group\">\n<h2 class=\"sp-list__title js-sp-group__title\">Sk\u0142ad<\/h2>\n<div class=\"js-sp-group__content\">\n<ul>\n<li>Poliamid 62%<\/li>\n<li>Elastan 20%<\/li>\n<li>Polipropylen 18%<\/li>\n<\/ul>\n<\/div>\n<\/div>\n<div class=\"sp-table js-sp-group\">\n<h2 class=\"sp-table__title js-sp-group__title\">Tabela rozmiar\u00f3w<\/h2>\n<div class=\"js-sp-group__content\">\n<div class=\"table-wrap table-wrap--left\">\n<div class=\"table-wrap__table\">\n<table class=\"table table--big\">\n<thead>\n<tr>\n<td>Rozmiar (cm)<\/td>\n<td>XS<\/td>\n<td>S<\/td>\n<td>M<\/td>\n<td>L<\/td>\n<td>XL<\/td>\n<td>XXL<\/td>\n<td>XXXL<\/td>\n<\/tr>\n<\/thead>\n<tbody>\n<tr>\n<td>Obw\u00f3d brzusz w najszerszym miejscu<\/td>\n<td>71-80<\/td>\n<td>81-90<\/td>\n<td>91-100<\/td>\n<td>101-110<\/td>\n<td>111-120<\/td>\n<td>121-130<\/td>\n<td>131-140<\/td>\n<\/tr>\n<\/tbody>\n<\/table>\n<\/div>\n<\/div>\n<\/div>\n<\/div>\n","protected":false},"excerpt":{"rendered":"<ul style=\"font-size: 1rem;\">\n<li class=\"transport\"><i class=\"fas fa-dolly\"><\/i> <span style=\"color: #0c7804;\"><strong class=\"transport\"> Darmowa dostawa w Bydgoszczy <\/strong><br \/>\n(przy zam\u00f3wieniu powy\u017cej 100 z\u0142, mo\u017cliwo\u015b\u0107 p\u0142atno\u015bci kart\u0105 przy odbiorze)<\/span><\/li>\n<li class=\"transport\"><i class=\"far fa-eye\"><\/i> Mo\u017cliwo\u015b\u0107 obejrzenia produktu w sklepie stacjonarnym<\/li>\n<li class=\"transport\"><i class=\"fas fa-undo\"><\/i> Mo\u017cliwo\u015b\u0107 zwrotu produktu do <strong>30 dni<\/strong><\/li>\n<li class=\"transport\"><i class=\"far fa-credit-card\"><\/i> <strong> P\u0142atno\u015b\u0107 kart\u0105<\/strong><\/li>\n<\/ul>\n<div class=\"more-link-wrapper\"><a class=\"more-link\" href=\"https:\/\/almach.pl\/sklep\/?product=gorset-stabilizujacy-ledzwiowo-krzyzowy-26-2\/\">Read More<span class=\"screen-reader-text\">Gorset stabilizuj\u0105cy l\u0119d\u017awiowo-krzy\u017cowy \u201e26\/2\u201d<\/span><\/a><\/div>\n","protected":false},"featured_media":1135,"comment_status":"closed","ping_status":"closed","template":"","meta":[],"product_cat":[113,114],"product_tag":[],"_links":{"self":[{"href":"https:\/\/almach.pl\/sklep\/index.php?rest_route=\/wp\/v2\/product\/1134"}],"collection":[{"href":"https:\/\/almach.pl\/sklep\/index.php?rest_route=\/wp\/v2\/product"}],"about":[{"href":"https:\/\/almach.pl\/sklep\/index.php?rest_route=\/wp\/v2\/types\/product"}],"replies":[{"embeddable":true,"href":"https:\/\/almach.pl\/sklep\/index.php?rest_route=%2Fwp%2Fv2%2Fcomments&post=1134"}],"wp:featuredmedia":[{"embeddable":true,"href":"https:\/\/almach.pl\/sklep\/index.php?rest_route=\/wp\/v2\/media\/1135"}],"wp:attachment":[{"href":"https:\/\/almach.pl\/sklep\/index.php?rest_route=%2Fwp%2Fv2%2Fmedia&parent=1134"}],"wp:term":[{"taxonomy":"product_cat","embeddable":true,"href":"https:\/\/almach.pl\/sklep\/index.php?rest_route=%2Fwp%2Fv2%2Fproduct_cat&post=1134"},{"taxonomy":"product_tag","embeddable":true,"href":"https:\/\/almach.pl\/sklep\/index.php?rest_route=%2Fwp%2Fv2%2Fproduct_tag&post=1134"}],"curies":[{"name":"wp","href":"https:\/\/api.w.org\/{rel}","templated":true}]}}