 
 {"id":1126,"date":"2021-10-14T09:14:23","date_gmt":"2021-10-14T07:14:23","guid":{"rendered":"https:\/\/almach.pl\/sklep\/?post_type=product&#038;p=1126\/"},"modified":"2021-10-14T09:21:56","modified_gmt":"2021-10-14T07:21:56","slug":"ortopedyczny-kolnierz-szyjny-typu-florida-z-usztywnieniem","status":"publish","type":"product","link":"https:\/\/almach.pl\/sklep\/?product=ortopedyczny-kolnierz-szyjny-typu-florida-z-usztywnieniem\/","title":{"rendered":"Ortopedyczny ko\u0142nierz szyjny typu Florida \u2013 z usztywnieniem"},"content":{"rendered":"<div class=\"sp-editor                                                     js-sp-group\n                                                \"><\/p>\n<div class=\"js-sp-group__content\">\n<p>Ortopedyczny ko\u0142nierz szyjny typu Florida \u2013 z usztywnieniem to wyr\u00f3b medyczny wielokrotnego u\u017cytku przeznaczony do wspomagania procesu leczenia oraz rehabilitacji zgodnie ze wskazaniami.<\/p>\n<\/div>\n<\/div>\n<div class=\"sp-list js-sp-group\">\n<h2 class=\"sp-list__title js-sp-group__title\">Wskazania<\/h2>\n<div class=\"js-sp-group__content\">\n<ul>\n<li>Korekcyjnie w celu zwi\u0119kszenia zw\u0119\u017conych przestrzeni mi\u0119dzykr\u0119gowych oraz odbudowy zniesionej lordozy szyjnej<\/li>\n<li>Korekcyjnie w celu ustawienia g\u0142owy w osi kr\u0119gos\u0142upa &#8211; kr\u0119cz szyi<\/li>\n<li>W zmianach zwyrodnieniowych szyjnego odcinka kr\u0119gos\u0142upa &#8211; spondyloartroza<\/li>\n<li>W stanach pourazowych &#8211; whiplash<\/li>\n<li>W zespo\u0142ach b\u00f3lowych kr\u0119gos\u0142upa szyjnego &#8211; przepuklina j\u0105dra mia\u017cd\u017cystego<\/li>\n<li>Pooperacyjnie \u2013 disctektomia szyjna<\/li>\n<\/ul>\n<\/div>\n<\/div>\n<div class=\"sp-list js-sp-group\">\n<h2 class=\"sp-list__title js-sp-group__title\">Sk\u0142ad<\/h2>\n<div class=\"js-sp-group__content\">\n<ul>\n<li>Poliamid 28%<\/li>\n<li>Poliuretan 24%<\/li>\n<li>Elastan 24%<\/li>\n<li>Polietylen 22%<\/li>\n<li>klej &#8222;Sabaspray 2005&#8221; 2%<\/li>\n<\/ul>\n<\/div>\n<\/div>\n<div class=\"sp-table js-sp-group\">\n<h2 class=\"sp-table__title js-sp-group__title\">Tabela rozmiar\u00f3w<\/h2>\n<div class=\"js-sp-group__content\">\n<div class=\"table-wrap table-wrap--left\">\n<div class=\"table-wrap__table\">\n<table class=\"table table--big\">\n<thead>\n<tr>\n<td>Rozmiar (cm)<\/td>\n<td>S<\/td>\n<td>M<\/td>\n<td>L<\/td>\n<td>XL<\/td>\n<\/tr>\n<\/thead>\n<tbody>\n<tr>\n<td>Wysko\u015b\u0107 ko\u0142nierza<\/td>\n<td>8\/10\/12<\/td>\n<td>8\/10\/12<\/td>\n<td>8\/10\/12<\/td>\n<td>8\/10\/12<\/td>\n<\/tr>\n<tr>\n<td>Obw\u00f3d szyi<\/td>\n<td>&lt;38<\/td>\n<td>38-43<\/td>\n<td>44-48<\/td>\n<td>49-53<\/td>\n<\/tr>\n<\/tbody>\n<\/table>\n<\/div>\n<\/div>\n<\/div>\n<\/div>\n","protected":false},"excerpt":{"rendered":"<ul style=\"font-size: 1rem;\">\n<li class=\"transport\"><i class=\"fas fa-dolly\"><\/i> <span style=\"color: #0c7804;\"><strong class=\"transport\"> Darmowa dostawa w Bydgoszczy <\/strong><br \/>\n(przy zam\u00f3wieniu powy\u017cej 100 z\u0142, mo\u017cliwo\u015b\u0107 p\u0142atno\u015bci kart\u0105 przy odbiorze)<\/span><\/li>\n<li class=\"transport\"><i class=\"far fa-eye\"><\/i> Mo\u017cliwo\u015b\u0107 obejrzenia produktu w sklepie stacjonarnym<\/li>\n<li class=\"transport\"><i class=\"fas fa-undo\"><\/i> Mo\u017cliwo\u015b\u0107 zwrotu produktu do <strong>30 dni<\/strong><\/li>\n<li class=\"transport\"><i class=\"far fa-credit-card\"><\/i> <strong> P\u0142atno\u015b\u0107 kart\u0105<\/strong><\/li>\n<\/ul>\n<div class=\"more-link-wrapper\"><a class=\"more-link\" href=\"https:\/\/almach.pl\/sklep\/?product=ortopedyczny-kolnierz-szyjny-typu-florida-z-usztywnieniem\/\">Read More<span class=\"screen-reader-text\">Ortopedyczny ko\u0142nierz szyjny typu Florida \u2013 z usztywnieniem<\/span><\/a><\/div>\n","protected":false},"featured_media":1127,"comment_status":"closed","ping_status":"closed","template":"","meta":[],"product_cat":[113,117],"product_tag":[],"_links":{"self":[{"href":"https:\/\/almach.pl\/sklep\/index.php?rest_route=\/wp\/v2\/product\/1126"}],"collection":[{"href":"https:\/\/almach.pl\/sklep\/index.php?rest_route=\/wp\/v2\/product"}],"about":[{"href":"https:\/\/almach.pl\/sklep\/index.php?rest_route=\/wp\/v2\/types\/product"}],"replies":[{"embeddable":true,"href":"https:\/\/almach.pl\/sklep\/index.php?rest_route=%2Fwp%2Fv2%2Fcomments&post=1126"}],"wp:featuredmedia":[{"embeddable":true,"href":"https:\/\/almach.pl\/sklep\/index.php?rest_route=\/wp\/v2\/media\/1127"}],"wp:attachment":[{"href":"https:\/\/almach.pl\/sklep\/index.php?rest_route=%2Fwp%2Fv2%2Fmedia&parent=1126"}],"wp:term":[{"taxonomy":"product_cat","embeddable":true,"href":"https:\/\/almach.pl\/sklep\/index.php?rest_route=%2Fwp%2Fv2%2Fproduct_cat&post=1126"},{"taxonomy":"product_tag","embeddable":true,"href":"https:\/\/almach.pl\/sklep\/index.php?rest_route=%2Fwp%2Fv2%2Fproduct_tag&post=1126"}],"curies":[{"name":"wp","href":"https:\/\/api.w.org\/{rel}","templated":true}]}}