 
 {"id":1118,"date":"2021-10-14T09:01:18","date_gmt":"2021-10-14T07:01:18","guid":{"rendered":"https:\/\/almach.pl\/sklep\/?post_type=product&#038;p=1118\/"},"modified":"2021-10-14T09:04:52","modified_gmt":"2021-10-14T07:04:52","slug":"uniwersalny-pas-brzuszny-22-z-zapieciem","status":"publish","type":"product","link":"https:\/\/almach.pl\/sklep\/?product=uniwersalny-pas-brzuszny-22-z-zapieciem\/","title":{"rendered":"Uniwersalny pas brzuszny \u201e22\u201d z zapi\u0119ciem"},"content":{"rendered":"<div class=\"sp-editor js-sp-group \">\n<div class=\"js-sp-group__content\">\n<p>Pas brzuszny stosowany jest w celu wsparcia mi\u0119\u015bni brzusznych.<\/p>\n<\/div>\n<\/div>\n<div class=\"sp-list js-sp-group\">\n<h2 class=\"sp-list__title js-sp-group__title\">Wskazania<\/h2>\n<div class=\"js-sp-group__content\">\n<ul>\n<li>Po operacjach jamy brzusznej<\/li>\n<li>Pas u\u0142atwia podnoszenie si\u0119 i poruszanie<\/li>\n<li>Zmniejsza ryzyko wyst\u0105pienia przepukliny pooperacyjnej<\/li>\n<li>Ogranicza powi\u0119kszanie si\u0119 istniej\u0105cych przepuklin brzusznych, np. p\u0119pkowych, pooperacyjnych<\/li>\n<li>Od zewn\u0105trz wspomaga mi\u0119\u015bnie brzucha i zapobiega opuszczaniu trzewi jamy brzusznej<\/li>\n<\/ul>\n<\/div>\n<\/div>\n<div class=\"sp-list js-sp-group\">\n<h2 class=\"sp-list__title js-sp-group__title\">Sk\u0142ad<\/h2>\n<div class=\"js-sp-group__content\">\n<ul>\n<li>Poliester 55%<\/li>\n<li>Bawe\u0142na 30%<\/li>\n<li>Elastan 8%<\/li>\n<li>Poliuretan 4%<\/li>\n<li>Poliamid 3%<\/li>\n<\/ul>\n<\/div>\n<\/div>\n<div class=\"sp-table js-sp-group\">\n<h2 class=\"sp-table__title js-sp-group__title\">Tabela rozmiar\u00f3w<\/h2>\n<div class=\"js-sp-group__content\">\n<div class=\"table-wrap table-wrap--left\">\n<div class=\"table-wrap__table\">\n<table class=\"table table--big\">\n<thead>\n<tr>\n<td>Rozmiar (cm)<\/td>\n<td>XS<\/td>\n<td>S<\/td>\n<td>M<\/td>\n<td>L<\/td>\n<td>XL<\/td>\n<td>XXL<\/td>\n<td>XXXL<\/td>\n<\/tr>\n<\/thead>\n<tbody>\n<tr>\n<td>Obw\u00f3d brzucha w najszerszym miejscu<\/td>\n<td>71-80<\/td>\n<td>81-90<\/td>\n<td>91-101<\/td>\n<td>102-112<\/td>\n<td>113-124<\/td>\n<td>125-137<\/td>\n<td>138-150<\/td>\n<\/tr>\n<\/tbody>\n<\/table>\n<\/div>\n<\/div>\n<\/div>\n<\/div>\n","protected":false},"excerpt":{"rendered":"<ul style=\"font-size: 1rem;\">\n<li class=\"transport\"><i class=\"fas fa-dolly\"><\/i> <span style=\"color: #0c7804;\"><strong class=\"transport\"> Darmowa dostawa w Bydgoszczy <\/strong><br \/>\n(przy zam\u00f3wieniu powy\u017cej 100 z\u0142, mo\u017cliwo\u015b\u0107 p\u0142atno\u015bci kart\u0105 przy odbiorze)<\/span><\/li>\n<li class=\"transport\"><i class=\"far fa-eye\"><\/i> Mo\u017cliwo\u015b\u0107 obejrzenia produktu w sklepie stacjonarnym<\/li>\n<li class=\"transport\"><i class=\"fas fa-undo\"><\/i> Mo\u017cliwo\u015b\u0107 zwrotu produktu do <strong>30 dni<\/strong><\/li>\n<li class=\"transport\"><i class=\"far fa-credit-card\"><\/i> <strong> P\u0142atno\u015b\u0107 kart\u0105<\/strong><\/li>\n<\/ul>\n<div class=\"more-link-wrapper\"><a class=\"more-link\" href=\"https:\/\/almach.pl\/sklep\/?product=uniwersalny-pas-brzuszny-22-z-zapieciem\/\">Read More<span class=\"screen-reader-text\">Uniwersalny pas brzuszny \u201e22\u201d z zapi\u0119ciem<\/span><\/a><\/div>\n","protected":false},"featured_media":1119,"comment_status":"closed","ping_status":"closed","template":"","meta":[],"product_cat":[113,114],"product_tag":[],"_links":{"self":[{"href":"https:\/\/almach.pl\/sklep\/index.php?rest_route=\/wp\/v2\/product\/1118"}],"collection":[{"href":"https:\/\/almach.pl\/sklep\/index.php?rest_route=\/wp\/v2\/product"}],"about":[{"href":"https:\/\/almach.pl\/sklep\/index.php?rest_route=\/wp\/v2\/types\/product"}],"replies":[{"embeddable":true,"href":"https:\/\/almach.pl\/sklep\/index.php?rest_route=%2Fwp%2Fv2%2Fcomments&post=1118"}],"wp:featuredmedia":[{"embeddable":true,"href":"https:\/\/almach.pl\/sklep\/index.php?rest_route=\/wp\/v2\/media\/1119"}],"wp:attachment":[{"href":"https:\/\/almach.pl\/sklep\/index.php?rest_route=%2Fwp%2Fv2%2Fmedia&parent=1118"}],"wp:term":[{"taxonomy":"product_cat","embeddable":true,"href":"https:\/\/almach.pl\/sklep\/index.php?rest_route=%2Fwp%2Fv2%2Fproduct_cat&post=1118"},{"taxonomy":"product_tag","embeddable":true,"href":"https:\/\/almach.pl\/sklep\/index.php?rest_route=%2Fwp%2Fv2%2Fproduct_tag&post=1118"}],"curies":[{"name":"wp","href":"https:\/\/api.w.org\/{rel}","templated":true}]}}