 
 {"id":1113,"date":"2021-10-14T08:46:51","date_gmt":"2021-10-14T06:46:51","guid":{"rendered":"https:\/\/almach.pl\/sklep\/?post_type=product&#038;p=1113\/"},"modified":"2021-10-14T10:06:48","modified_gmt":"2021-10-14T08:06:48","slug":"stabilizator-stawu-skokowego-z-pelota","status":"publish","type":"product","link":"https:\/\/almach.pl\/sklep\/?product=stabilizator-stawu-skokowego-z-pelota\/","title":{"rendered":"Stabilizator stawu skokowego z pelot\u0105"},"content":{"rendered":"<div class=\"sp-editor js-sp-group \">\n<div class=\"js-sp-group__content\">\n<p>Stabilizator stawu skokowego z pelot\u0105 to wyr\u00f3b medyczny wielokrotnego u\u017cytku przeznaczony do wspomagania procesu leczenia oraz rehabilitacji zgodnie ze wskazaniami.<\/p>\n<\/div>\n<\/div>\n<div class=\"sp-list js-sp-group\">\n<h2 class=\"sp-list__title js-sp-group__title\">Wskazania<\/h2>\n<div class=\"js-sp-group__content\">\n<ul>\n<li>Pourazowo &#8211; zwichni\u0119cia stawu skokowego<\/li>\n<li>Przeciwobrz\u0119kowo i przeciwb\u00f3lowo tj. skr\u0119cenie stawu skokowego<\/li>\n<li>Pooperacyjnie po zespoleniu z\u0142amanych kostek<\/li>\n<li>Stabilizacyjnie po skr\u0119ceniu stopy w konieczno\u015bci bocznej stabilizacji w stawie skokowo-goleniowym<\/li>\n<\/ul>\n<\/div>\n<\/div>\n<div class=\"sp-list js-sp-group\">\n<h2 class=\"sp-list__title js-sp-group__title\">Sk\u0142ad<\/h2>\n<div class=\"js-sp-group__content\">\n<ul>\n<li>Neopren 90%<\/li>\n<li>Poliamid 10%<\/li>\n<\/ul>\n<\/div>\n<\/div>\n<div class=\"sp-table js-sp-group\">\n<h2 class=\"sp-table__title js-sp-group__title\">Tabela rozmiar\u00f3w<\/h2>\n<div class=\"js-sp-group__content\">\n<div class=\"table-wrap table-wrap--left\">\n<div class=\"table-wrap__table\">\n<table class=\"table table--big\">\n<thead>\n<tr>\n<td>Rozmiar (cm)<\/td>\n<td>S<\/td>\n<td>M<\/td>\n<td>L<\/td>\n<td>XL<\/td>\n<td>XXL<\/td>\n<\/tr>\n<\/thead>\n<tbody>\n<tr>\n<td>Obw\u00f3d nogi nad kostk\u0105<\/td>\n<td>19-22<\/td>\n<td>23-25<\/td>\n<td>26-28<\/td>\n<td>29-31<\/td>\n<td>32-34<\/td>\n<\/tr>\n<\/tbody>\n<\/table>\n<\/div>\n<\/div>\n<\/div>\n<\/div>\n","protected":false},"excerpt":{"rendered":"<ul style=\"font-size: 1rem;\">\n<li class=\"transport\"><i class=\"fas fa-dolly\"><\/i> <span style=\"color: #0c7804;\"><strong class=\"transport\"> Darmowa dostawa w Bydgoszczy <\/strong><br \/>\n(przy zam\u00f3wieniu powy\u017cej 100 z\u0142, mo\u017cliwo\u015b\u0107 p\u0142atno\u015bci kart\u0105 przy odbiorze)<\/span><\/li>\n<li class=\"transport\"><i class=\"far fa-eye\"><\/i> Mo\u017cliwo\u015b\u0107 obejrzenia produktu w sklepie stacjonarnym<\/li>\n<li class=\"transport\"><i class=\"fas fa-undo\"><\/i> Mo\u017cliwo\u015b\u0107 zwrotu produktu do <strong>30 dni<\/strong><\/li>\n<li class=\"transport\"><i class=\"far fa-credit-card\"><\/i> <strong> P\u0142atno\u015b\u0107 kart\u0105<\/strong><\/li>\n<\/ul>\n<div class=\"more-link-wrapper\"><a class=\"more-link\" href=\"https:\/\/almach.pl\/sklep\/?product=stabilizator-stawu-skokowego-z-pelota\/\">Read More<span class=\"screen-reader-text\">Stabilizator stawu skokowego z pelot\u0105<\/span><\/a><\/div>\n","protected":false},"featured_media":1115,"comment_status":"closed","ping_status":"closed","template":"","meta":[],"product_cat":[113,123,122],"product_tag":[],"_links":{"self":[{"href":"https:\/\/almach.pl\/sklep\/index.php?rest_route=\/wp\/v2\/product\/1113"}],"collection":[{"href":"https:\/\/almach.pl\/sklep\/index.php?rest_route=\/wp\/v2\/product"}],"about":[{"href":"https:\/\/almach.pl\/sklep\/index.php?rest_route=\/wp\/v2\/types\/product"}],"replies":[{"embeddable":true,"href":"https:\/\/almach.pl\/sklep\/index.php?rest_route=%2Fwp%2Fv2%2Fcomments&post=1113"}],"wp:featuredmedia":[{"embeddable":true,"href":"https:\/\/almach.pl\/sklep\/index.php?rest_route=\/wp\/v2\/media\/1115"}],"wp:attachment":[{"href":"https:\/\/almach.pl\/sklep\/index.php?rest_route=%2Fwp%2Fv2%2Fmedia&parent=1113"}],"wp:term":[{"taxonomy":"product_cat","embeddable":true,"href":"https:\/\/almach.pl\/sklep\/index.php?rest_route=%2Fwp%2Fv2%2Fproduct_cat&post=1113"},{"taxonomy":"product_tag","embeddable":true,"href":"https:\/\/almach.pl\/sklep\/index.php?rest_route=%2Fwp%2Fv2%2Fproduct_tag&post=1113"}],"curies":[{"name":"wp","href":"https:\/\/api.w.org\/{rel}","templated":true}]}}