 
 {"id":1099,"date":"2021-10-14T08:21:10","date_gmt":"2021-10-14T06:21:10","guid":{"rendered":"https:\/\/almach.pl\/sklep\/?post_type=product&#038;p=1099\/"},"modified":"2021-10-14T08:21:28","modified_gmt":"2021-10-14T06:21:28","slug":"chwytak-do-podnoszenia","status":"publish","type":"product","link":"https:\/\/almach.pl\/sklep\/?product=chwytak-do-podnoszenia\/","title":{"rendered":"Chwytak do podnoszenia"},"content":{"rendered":"<div class=\"mpof_ki myre_zn myre_8v_l _0d3bd_YrWCD\">\n<div class=\"mp4t_16_s mryx_16_s mr3m_1 mli2_1 mh85_56 mh85_0_l\">\n<div class=\"mgn2_16 _0d3bd_5pK0q\">\n<p>Chwytak Nicky jest przeznaczony do codziennego u\u017cytku, pomaga przy podnoszeniu ma\u0142ych obiekt\u00f3w z ziemi.<\/p>\n<p>Chwytak Nicky jest wyposa\u017cony w\u00a0<b>ma\u0142y magnes<\/b>, kt\u00f3ry pomaga podnosi\u0107 ma\u0142e metalowe obiekty takie jak: klucze, monety, puszki.<\/p>\n<\/div>\n<\/div>\n<\/div>\n<div class=\"mpof_ki myre_zn myre_8v_l _0d3bd_YrWCD\">\n<div class=\"mp4t_16_s mryx_16_s mr3m_1 mli2_1 mh85_56 mh85_0_l\">\n<div class=\"mgn2_16 _0d3bd_5pK0q\">\n<p><b>Dane techniczne:<\/b><\/p>\n<ul>\n<li>d\u0142ugo\u015b\u0107: 76 cm;<\/li>\n<li>wysoko\u015b\u0107: 11 cm;<\/li>\n<li>waga: 0,15 kg;<\/li>\n<li>grubo\u015b\u0107: 1,2 cm;<\/li>\n<li>kolory: czarny,<\/li>\n<li>gwarancja: 12 miesi\u0119cy<\/li>\n<li>producent: Vermeiren<\/li>\n<\/ul>\n<\/div>\n<\/div>\n<\/div>\n","protected":false},"excerpt":{"rendered":"<ul style=\"font-size: 1rem;\">\n<li class=\"transport\"><i class=\"fas fa-dolly\"><\/i> <span style=\"color: #0c7804;\"><strong class=\"transport\"> Darmowa dostawa w Bydgoszczy <\/strong><br \/>\n(przy zam\u00f3wieniu powy\u017cej 100 z\u0142, mo\u017cliwo\u015b\u0107 p\u0142atno\u015bci kart\u0105 przy odbiorze)<\/span><\/li>\n<li class=\"transport\"><i class=\"far fa-eye\"><\/i> Mo\u017cliwo\u015b\u0107 obejrzenia produktu w sklepie stacjonarnym<\/li>\n<li class=\"transport\"><i class=\"fas fa-undo\"><\/i> Mo\u017cliwo\u015b\u0107 zwrotu produktu do <strong>30 dni<\/strong><\/li>\n<li class=\"transport\"><i class=\"far fa-credit-card\"><\/i> <strong> P\u0142atno\u015b\u0107 kart\u0105<\/strong><\/li>\n<\/ul>\n<div class=\"more-link-wrapper\"><a class=\"more-link\" href=\"https:\/\/almach.pl\/sklep\/?product=chwytak-do-podnoszenia\/\">Read More<span class=\"screen-reader-text\">Chwytak do podnoszenia<\/span><\/a><\/div>\n","protected":false},"featured_media":1100,"comment_status":"closed","ping_status":"closed","template":"","meta":[],"product_cat":[104,107],"product_tag":[],"_links":{"self":[{"href":"https:\/\/almach.pl\/sklep\/index.php?rest_route=\/wp\/v2\/product\/1099"}],"collection":[{"href":"https:\/\/almach.pl\/sklep\/index.php?rest_route=\/wp\/v2\/product"}],"about":[{"href":"https:\/\/almach.pl\/sklep\/index.php?rest_route=\/wp\/v2\/types\/product"}],"replies":[{"embeddable":true,"href":"https:\/\/almach.pl\/sklep\/index.php?rest_route=%2Fwp%2Fv2%2Fcomments&post=1099"}],"wp:featuredmedia":[{"embeddable":true,"href":"https:\/\/almach.pl\/sklep\/index.php?rest_route=\/wp\/v2\/media\/1100"}],"wp:attachment":[{"href":"https:\/\/almach.pl\/sklep\/index.php?rest_route=%2Fwp%2Fv2%2Fmedia&parent=1099"}],"wp:term":[{"taxonomy":"product_cat","embeddable":true,"href":"https:\/\/almach.pl\/sklep\/index.php?rest_route=%2Fwp%2Fv2%2Fproduct_cat&post=1099"},{"taxonomy":"product_tag","embeddable":true,"href":"https:\/\/almach.pl\/sklep\/index.php?rest_route=%2Fwp%2Fv2%2Fproduct_tag&post=1099"}],"curies":[{"name":"wp","href":"https:\/\/api.w.org\/{rel}","templated":true}]}}