 
 {"id":616,"date":"2021-06-17T23:07:47","date_gmt":"2021-06-17T21:07:47","guid":{"rendered":"https:\/\/almach.pl\/sklep\/?page_id=616"},"modified":"2021-06-18T10:54:24","modified_gmt":"2021-06-18T08:54:24","slug":"zwrot-i-wymiana","status":"publish","type":"page","link":"https:\/\/almach.pl\/sklep\/?page_id=616\/","title":{"rendered":"Zwrot i wymiana"},"content":{"rendered":"\n<p>Formularz reklamacyjny\/odst\u0105pienia od umowy<\/p>\n\n\n\n<p>Odst\u0105pienie od umowy zawartej na odleg\u0142o\u015b\u0107 i wymiana produktu.<\/p>\n\n\n\n<p>W ci\u0105gu 14 dni od odebrania przesy\u0142ki osoby fizyczne (w tym jednoosobowa dzia\u0142alno\u015b\u0107 gospodarcza-zakup nie jest zwi\u0105zany z jej dzia\u0142alno\u015bci\u0105 gospodarcz\u0105) mog\u0105 zwr\u00f3ci\u0107 lub wymieni\u0107 zakupione produkty<\/p>\n\n\n\n<p><strong>Jak wymieni\u0107 produkt:<\/strong><\/p>\n\n\n\n<p>1. <strong>Kontakt z nami<\/strong><\/p>\n\n\n\n<p>Poinformuj nas drog\u0105 mailow\u0105 o ch\u0119ci wymiany towaru. Wy\u015blij wiadomo\u015b\u0107 na adres <strong>tomasz@almach.pl<\/strong> podaj numer zam\u00f3wienia oraz nazw\u0119 produktu, kt\u00f3ry chcesz wymieni\u0107, a tak\u017ce nazw\u0119 nowego produktu, kt\u00f3rym jeste\u015b zainteresowany. Zwracany towar nie mo\u017ce nosi\u0107 \u015blad\u00f3w eksploatacji i monta\u017cu, musi nadawa\u0107 si\u0119 do ponownej sprzeda\u017cy jako towar nowy.<\/p>\n\n\n\n<p>2. <strong>Odes\u0142anie produktu<\/strong><\/p>\n\n\n\n<p>Dostarcz nam produkt, kt\u00f3ry chcesz wymieni\u0107. Przesy\u0142k\u0119 z dopiskiem &#8222;Wymiana&#8221; prosimy wys\u0142a\u0107 na adres: Opieka Domowa Almach, ul. A.G. Siedleckiego 24, 85-868 Bydgoszcz. Do przesy\u0142ki do\u0142\u0105cz wype\u0142niony formularz odst\u0105pienia od umowy, co znacznie przy\u015bpieszy procedur\u0119 wymiany. W formularzu zapisz informacj\u0119, na jaki inny wymieniasz zwracany produkt.<\/p>\n\n\n\n<p>3. <strong>Korekta i wymiana<\/strong><\/p>\n\n\n\n<p>Po otrzymaniu przez nas przesy\u0142ki i zweryfikowaniu czy produkt jest nieu\u017cywany i pe\u0142nowarto\u015bciowy wystawimy korekt\u0119 faktury. Zostanie ona przes\u0142ana na adres email podany w zam\u00f3wieniu. Rozpoczniemy proces wymiany, o dalszych krokach b\u0119dziemy Ci\u0119 informowa\u0107 na bie\u017c\u0105co przez email lub telefon.<\/p>\n\n\n\n<p><strong>Jak odst\u0105pi\u0107 od umowy:<\/strong><\/p>\n\n\n\n<ol><li><strong>Kontakt z nami<\/strong><\/li><\/ol>\n\n\n\n<p>Poinformuj nas drog\u0105 mailow\u0105 o decyzji zwrotu towaru. Wy\u015blij wiadomo\u015b\u0107 na adres <strong>tomasz@almach.pl<\/strong> podaj numer zam\u00f3wienia i nazw\u0119 produktu, kt\u00f3ry chcesz zwr\u00f3ci\u0107. Zwracany towar nie mo\u017ce nosi\u0107 \u015blad\u00f3w eksploatacji i monta\u017cu, musi nadawa\u0107 si\u0119 do ponownej sprzeda\u017cy jako towar nowy.<\/p>\n\n\n\n<p>2. <strong>Przekazanie produktu<\/strong><\/p>\n\n\n\n<p>Dostarcz nam produkt, kt\u00f3ry chcesz zwr\u00f3ci\u0107. Przesy\u0142k\u0119 z dopiskiem &#8222;Zwroty&#8221; prosimy wys\u0142a\u0107 na adres: Opieka Domowa Almach, ul. A.G. Siedleckiego 24, 85-868 Bydgoszcz. Do przesy\u0142ki do\u0142\u0105cz wype\u0142niony formularz odst\u0105pienia od umowy, co znacznie przy\u015bpieszy procedur\u0119 zwrotu.<\/p>\n\n\n\n<p>3. <strong>Korekta i potwierdzenie<\/strong><\/p>\n\n\n\n<p>Po otrzymaniu przez nas przesy\u0142ki i zweryfikowaniu czy produkt jest nieu\u017cywany i pe\u0142nowarto\u015bciowy wystawimy korekt\u0119 faktury. Zostanie ona przes\u0142ana na adres email podany w zam\u00f3wieniu. Po zapoznaniu si\u0119 z wiadomo\u015bci\u0105 prosimy o potwierdzenie otrzymania i akceptacji korekty.<\/p>\n\n\n\n<p>4. <strong>Zwrot \u015brodk\u00f3w<\/strong><\/p>\n\n\n\n<p>W terminie 14 dni od chwili z\u0142o\u017cenia o\u015bwiadczenia o odst\u0105pieniu od umowy pieni\u0105dze zostan\u0105 zwr\u00f3cone na rachunek bankowy, z kt\u00f3rego by\u0142a dokonana p\u0142atno\u015b\u0107. W przypadku p\u0142atno\u015bci za pobraniem prosimy o wpisanie numeru rachunku do zwrotu na formularzu odst\u0105pienia od umowy.<\/p>\n\n\n\n<p><strong>Kiedy mo\u017cna odst\u0105pi\u0107 od umowy?<\/strong><\/p>\n\n\n\n<ul><li>Gdy si\u0119 rozmy\u015blisz<\/li><li>Gdy pomylisz si\u0119 podczas zamawiania<\/li><li>Gdy chcesz wymieni\u0107 produkt na inny<\/li><\/ul>\n\n\n\n<p>Je\u015bli to mo\u017cliwe, prosimy tak\u017ce o przes\u0142anie opakowania oraz kompletu metek do\u0142\u0105czonych do produktu. Zwracany towar nie mo\u017ce przy tym nosi\u0107 \u015blad\u00f3w eksploatacji i monta\u017cu, tzn. musi nadawa\u0107 si\u0119 do ponownej sprzeda\u017cy jako towar nowy.<\/p>\n\n\n\n<p><strong>Prosimy o nie przekazywanie przesy\u0142ek do odbioru w paczkomacie lub z opcj\u0105 p\u0142atno\u015bci &#8222;za pobraniem&#8221;,<\/strong> takie przesy\u0142ki nie b\u0119d\u0105 przez nas odbierane.<\/p>\n\n\n\n<p><strong>Reklamacja<\/strong><\/p>\n\n\n\n<p>Skonsultuj si\u0119 z nami je\u015bli chcesz zareklamowa\u0107 wadliwy produkt.<\/p>\n\n\n\n<p><strong>Jak przebiega proces reklamacji produktu?<\/strong><\/p>\n\n\n\n<ol><li>Kontakt z nami &#8211; zg\u0142o\u015b nam reklamacj\u0119 gwarancyjn\u0105 wysy\u0142aj\u0105c wiadomo\u015b\u0107 email na adres&nbsp;<a href=\"mailto:tomasz@almach.pl\">tomasz@almach.pl<\/a>&nbsp;lub telefonicznie dzwoni\u0105c na&nbsp;52&nbsp;333 80 33<\/li><li>Formularz &#8211; pobierz i wype\u0142nij&nbsp;formularz reklamacji gwarancyjnej.<\/li><li>Odbi\u00f3r &#8211; um\u00f3wimy kuriera, kt\u00f3ry odbierze od Ciebie reklamowany towar lub poprosimy o zwrot towaru przez Paczkomaty InPost.<\/li><li>Ekspertyza &#8211; producent przeprowadzi badanie towaru.<\/li><li>Decyzja &#8211; wydamy decyzj\u0119, o kt\u00f3rej poinformujemy Ci\u0119 mailowo, na pi\u015bmie lub telefonicznie.<\/li><\/ol>\n\n\n\n<p><strong>Wynik reklamacji<\/strong><\/p>\n\n\n\n<ol><li>Decyzja pozytywna:<ul><li>Naprawa &#8211; je\u015bli to mo\u017cliwe w pierwszej kolejno\u015bci produkt zostanie naprawiony, a wymagaj\u0105ce tego cz\u0119\u015bci zostan\u0105 wymienione na nowe.<\/li><li>Wymiana &#8211; w przypadku braku mo\u017cliwo\u015bci naprawy produktu, wymienimy go na nowy. Przesy\u0142k\u0119 bezp\u0142atnie dostarczymy na wskazany adres.<\/li><li>Zwrot \u015brodk\u00f3w &#8211; w sytuacji braku mo\u017cliwo\u015bci naprawy oraz wymiany produktu na nowy, dokonamy zwrotu \u015brodk\u00f3w finansowych. \u015arodki otrzymasz na kart\u0119, z kt\u00f3rej dokonywana by\u0142a p\u0142atno\u015b\u0107 albo na rachunek bankowy, je\u015bli p\u0142atno\u015b\u0107 dokonywana by\u0142a przelewem tradycyjnym lub przy odbiorze towaru. Zwrot pieni\u0119dzy nast\u0105pi po potwierdzeniu faktury koryguj\u0105cej, kt\u00f3ra zostanie wys\u0142ana na adres e-mail podany w zam\u00f3wieniu.<\/li><\/ul><\/li><li>Decyzja negatywna: <ul><li>Zwrot produktu &#8211; je\u017celi zdecydujesz si\u0119 na zwrot produktu, reklamowany produkt zostanie odes\u0142any na wskazany przez Ciebie adres.<\/li><li>Utylizacja &#8211; je\u017celi zdecydujesz si\u0119 na utylizacj\u0119, produkt zostanie zniszczony z zachowaniem obowi\u0105zuj\u0105cych przepis\u00f3w w zakresie ochrony \u015brodowiska.<\/li><\/ul><\/li><\/ol>\n\n\n\n<p><strong>Co zrobi\u0107, gdy przesy\u0142ka jest uszkodzona?<\/strong><\/p>\n\n\n\n<ol><li>Dostawa kurierem:<ul><li>Przed odebraniem przesy\u0142ki &#8211; sprawd\u017a, czy karton opakowanie nie jest uszkodzone. Je\u015bli masz jakiekolwiek w\u0105tpliwo\u015bci mo\u017cesz odm\u00f3wi\u0107 przyj\u0119cia przesy\u0142ki \u2013 w takiej sytuacji pilnie nas poinformuj o tym fakcie.<\/li><li>Po odebraniu przesy\u0142ki &#8211; je\u015bli po rozpakowaniu przesy\u0142ki stwierdzisz, \u017ce zam\u00f3wiony towar jest uszkodzony, nale\u017cy skontaktowa\u0107 si\u0119 z firm\u0105 kuriersk\u0105 i um\u00f3wi\u0107 przyjazd kuriera celem spisania protoko\u0142u szkody. Spisanie\u00a0protoko\u0142u szkody\u00a0mo\u017cliwe jest do 7 dni roboczych od odebrania przesy\u0142ki!<\/li><\/ul><\/li><li>Dostawa do paczkomatu: <ul><li>Po wyj\u0119ciu przesy\u0142ki z paczkomatu &#8211; je\u015bli masz zastrze\u017cenia co do stanu przesy\u0142ki lub jest ona uszkodzona, nie zamykaj skrytki, z kt\u00f3rej zosta\u0142a wyj\u0119ta przesy\u0142ka i rozpocznij procedur\u0119 reklamacyjn\u0105 &#8211; umie\u015b\u0107 z powrotem przesy\u0142k\u0119 w skrytce i post\u0119puj wg komunikat\u00f3w wy\u015bwietlanych na ekranie paczkomatu.<\/li><li>W przypadku stwierdzenia uszkodze\u0144 towaru niewidocznych w momencie odbioru przesy\u0142ki z paczkomatu nale\u017cy zg\u0142osi\u0107 ten fakt w plac\u00f3wce InPost oraz spisa\u0107\u00a0protoko\u0142u szkody\u00a0w terminie do 7 dni roboczych od dnia odebrania przesy\u0142ki.<\/li><\/ul><\/li><\/ol>\n\n\n\n<p>W przypadku wszelkich uszkodze\u0144 towaru, prosimy o poinformowanie nas o takiej sytuacji &#8211; pami\u0119taj o bezzw\u0142ocznym spisaniu protoko\u0142u szkody.<\/p>\n\n\n\n<p><strong>Platforma ODR<\/strong><\/p>\n\n\n\n<p>Jako Konsument masz prawo skorzysta\u0107 z pozas\u0105dowych sposob\u00f3w rozpatrywania reklamacji i dochodzenia swoich praw oraz roszcze\u0144 za pomoc\u0105 specjalnej platformy ODR. Umo\u017cliwia ona bezstronne i niezale\u017cne rozstrzyganie spor\u00f3w mi\u0119dzy Konsumentami a Przedsi\u0119biorcami, kt\u00f3re dotycz\u0105 zobowi\u0105za\u0144 powsta\u0142ych przy zawieraniu um\u00f3w internetowych. Platforma jest przeznaczona dla Konsument\u00f3w oraz Przedsi\u0119biorc\u00f3w maj\u0105cych siedzib\u0119 w Unii Europejskiej.<\/p>\n\n\n\n<p>Stosownie do tre\u015bci art. 14 ust. 1-2 Rozporz\u0105dzenia Parlamentu Europejskiego i Rady (EU) nr 524\/2013 z dnia 21 maja 2013 r., konsumenci mog\u0105 skorzysta\u0107 z pozas\u0105dowej drogi rozstrzygania spor\u00f3w zwi\u0105zanych umow\u0105 sprzeda\u017cy lub \u015bwiadczenia us\u0142ug zawart\u0105 przy wykorzystaniu sieci Internet.<\/p>\n\n\n\n<p>Skargi mo\u017cna sk\u0142ada\u0107 pod adresem: http:\/\/ec.europa.eu\/consumers\/odr<\/p>\n\n\n\n<p><strong>Pomoc<\/strong><\/p>\n\n\n\n<p>Potrzebujesz pomocy? Skonsultuj si\u0119 z nami. Odpowiemy na wszystkie pytania. Zadzwo\u0144 na&nbsp;52&nbsp;333 80 33&nbsp;lub napisz na&nbsp;<a href=\"mailto:tomasz@almach.pl\">tomasz@almach.pl<\/a><\/p>\n","protected":false},"excerpt":{"rendered":"<p>Formularz reklamacyjny\/odst\u0105pienia od umowy Odst\u0105pienie od umowy zawartej na odleg\u0142o\u015b\u0107 i wymiana produktu. W ci\u0105gu 14 dni od odebrania przesy\u0142ki osoby fizyczne (w tym jednoosobowa&#8230;<\/p>\n<div class=\"more-link-wrapper\"><a class=\"more-link\" href=\"https:\/\/almach.pl\/sklep\/?page_id=616\/\">Read More<span class=\"screen-reader-text\">Zwrot i wymiana<\/span><\/a><\/div>\n","protected":false},"author":1,"featured_media":0,"parent":0,"menu_order":0,"comment_status":"closed","ping_status":"closed","template":"","meta":[],"_links":{"self":[{"href":"https:\/\/almach.pl\/sklep\/index.php?rest_route=\/wp\/v2\/pages\/616"}],"collection":[{"href":"https:\/\/almach.pl\/sklep\/index.php?rest_route=\/wp\/v2\/pages"}],"about":[{"href":"https:\/\/almach.pl\/sklep\/index.php?rest_route=\/wp\/v2\/types\/page"}],"author":[{"embeddable":true,"href":"https:\/\/almach.pl\/sklep\/index.php?rest_route=\/wp\/v2\/users\/1"}],"replies":[{"embeddable":true,"href":"https:\/\/almach.pl\/sklep\/index.php?rest_route=%2Fwp%2Fv2%2Fcomments&post=616"}],"version-history":[{"count":0,"href":"https:\/\/almach.pl\/sklep\/index.php?rest_route=\/wp\/v2\/pages\/616\/revisions"}],"wp:attachment":[{"href":"https:\/\/almach.pl\/sklep\/index.php?rest_route=%2Fwp%2Fv2%2Fmedia&parent=616"}],"curies":[{"name":"wp","href":"https:\/\/api.w.org\/{rel}","templated":true}]}}