 
 {"id":605,"date":"2021-06-17T22:47:30","date_gmt":"2021-06-17T20:47:30","guid":{"rendered":"https:\/\/almach.pl\/sklep\/?page_id=605"},"modified":"2021-06-18T11:04:18","modified_gmt":"2021-06-18T09:04:18","slug":"platnosc","status":"publish","type":"page","link":"https:\/\/almach.pl\/sklep\/?page_id=605\/","title":{"rendered":"P\u0142atno\u015b\u0107"},"content":{"rendered":"\n<div class=\"wp-container-3 wp-block-columns\">\n<div class=\"wp-container-1 wp-block-column\" style=\"flex-basis:63%\">\n<p><strong>Szybka p\u0142atno\u015b\u0107 online za po\u015brednictwem systemu <\/strong><\/p>\n<\/div>\n\n\n\n<div class=\"wp-container-2 wp-block-column\" style=\"flex-basis:33.33%\">\n<figure class=\"wp-block-image size-large\"><img loading=\"lazy\" width=\"219\" height=\"82\" src=\"https:\/\/almach.pl\/sklep\/wp-content\/uploads\/2021\/06\/przelewy24.jpg\" alt=\"\" class=\"wp-image-608\" \/><\/figure>\n<\/div>\n<\/div>\n\n\n\n<p>Za p\u0142atno\u015b\u0107 odpowiada: PayPro S.A z siedzib\u0105 w Poznaniu,&nbsp;przy ul. Kanclerskiej 15, 60-327 Pozna\u0144<\/p>\n\n\n\n<div class=\"wp-container-6 wp-block-columns\">\n<div class=\"wp-container-4 wp-block-column\" style=\"flex-basis:48%\">\n<p><strong>P\u0142atno\u015b\u0107 BLIK Szybka p\u0142atno\u015b\u0107 mobilna<\/strong><\/p>\n<\/div>\n\n\n\n<div class=\"wp-container-5 wp-block-column\" style=\"flex-basis:33.33%\">\n<figure class=\"wp-block-image size-large\"><img loading=\"lazy\" width=\"114\" height=\"53\" src=\"https:\/\/almach.pl\/sklep\/wp-content\/uploads\/2021\/06\/blik.jpg\" alt=\"\" class=\"wp-image-607\" \/><\/figure>\n<\/div>\n<\/div>\n\n\n\n<p>Za p\u0142atno\u015b\u0107 odpowiada: PayPro S.A z siedzib\u0105 w Poznaniu,&nbsp;przy ul. Kanclerskiej 15, 60-327 Pozna\u0144<\/p>\n\n\n\n<p><strong>Przelew tradycyjny:<\/strong><\/p>\n\n\n\n<p>Santander Bank Polska, nr konta: 44 1090 1072 0000 0001 2390 2181<\/p>\n\n\n\n<p><strong>Dane do przelewu zagranicznego<\/strong>:<\/p>\n\n\n\n<figure class=\"wp-block-table\"><table><tbody><tr><td>Posiadacz:<\/td><td><strong>OPIEKA DOMOWA &#8221;ALMACH&#8221; TOMASZ HIRT<\/strong><\/td><\/tr><tr><td>Waluta:<\/td><td><strong>PLN<\/strong><\/td><\/tr><tr><td>IBAN:<\/td><td><strong>PL44109010720000000123902181<\/strong><\/td><\/tr><tr><td>Kod SWIFT banku:<\/td><td><strong>WBKPPLPP<\/strong><\/td><\/tr><tr><td>Nazwa banku:<\/td><td><strong>Santander Bank Polska S.A.<\/strong><\/td><\/tr><tr><td>Adres banku:<\/td><td><strong>al. Jana Paw\u0142a II 17, 00-854 Warszawa<\/strong><\/td><\/tr><tr><td>Kraj banku<\/td><td><strong>Polska<\/strong><\/td><\/tr><\/tbody><\/table><\/figure>\n\n\n\n<p><strong>Pobranie<\/strong> (p\u0142atno\u015b\u0107 kurierowi przy odbiorze).<\/p>\n\n\n\n<p><strong>P\u0142atno\u015b\u0107 kart\u0105 lub got\u00f3wk\u0105<\/strong> przy odbiorze osobistym lub przy dostarczeniu przez nas przesy\u0142ki na terenie Bydgoszczy.<\/p>\n","protected":false},"excerpt":{"rendered":"<p>Szybka p\u0142atno\u015b\u0107 online za po\u015brednictwem systemu Za p\u0142atno\u015b\u0107 odpowiada: PayPro S.A z siedzib\u0105 w Poznaniu,&nbsp;przy ul. Kanclerskiej 15, 60-327 Pozna\u0144 P\u0142atno\u015b\u0107 BLIK Szybka p\u0142atno\u015b\u0107 mobilna&#8230;<\/p>\n<div class=\"more-link-wrapper\"><a class=\"more-link\" href=\"https:\/\/almach.pl\/sklep\/?page_id=605\/\">Read More<span class=\"screen-reader-text\">P\u0142atno\u015b\u0107<\/span><\/a><\/div>\n","protected":false},"author":1,"featured_media":0,"parent":0,"menu_order":0,"comment_status":"closed","ping_status":"closed","template":"","meta":[],"_links":{"self":[{"href":"https:\/\/almach.pl\/sklep\/index.php?rest_route=\/wp\/v2\/pages\/605"}],"collection":[{"href":"https:\/\/almach.pl\/sklep\/index.php?rest_route=\/wp\/v2\/pages"}],"about":[{"href":"https:\/\/almach.pl\/sklep\/index.php?rest_route=\/wp\/v2\/types\/page"}],"author":[{"embeddable":true,"href":"https:\/\/almach.pl\/sklep\/index.php?rest_route=\/wp\/v2\/users\/1"}],"replies":[{"embeddable":true,"href":"https:\/\/almach.pl\/sklep\/index.php?rest_route=%2Fwp%2Fv2%2Fcomments&post=605"}],"version-history":[{"count":0,"href":"https:\/\/almach.pl\/sklep\/index.php?rest_route=\/wp\/v2\/pages\/605\/revisions"}],"wp:attachment":[{"href":"https:\/\/almach.pl\/sklep\/index.php?rest_route=%2Fwp%2Fv2%2Fmedia&parent=605"}],"curies":[{"name":"wp","href":"https:\/\/api.w.org\/{rel}","templated":true}]}}