 
 {"id":602,"date":"2021-06-17T22:28:47","date_gmt":"2021-06-17T20:28:47","guid":{"rendered":"https:\/\/almach.pl\/sklep\/?page_id=602"},"modified":"2021-10-08T00:46:36","modified_gmt":"2021-10-07T22:46:36","slug":"dostawa-czas-i-koszt","status":"publish","type":"page","link":"https:\/\/almach.pl\/sklep\/?page_id=602\/","title":{"rendered":"Dostawa &#8211; czas i koszt"},"content":{"rendered":"\n<p>Produkty posiadane w magazynie zam\u00f3wione do godz. 14:30 wysy\u0142amy tego samego dnia.&nbsp;<\/p>\n\n\n\n<p>Produkty wysy\u0142amy za po\u015brednictwem r\u00f3\u017cnych firm kurierskich, najcz\u0119\u015bciej inPost, DPD oraz DHL.<\/p>\n\n\n\n<p>Produkty na terenie Bydgoszczy dostarczamy we w\u0142asnym zakresie do Pa\u0144stwa. Koszt dostawy na terenie Bydgoszczy wynosi 0 z\u0142. Czas dostawy ustalany indywidualnie.<\/p>\n\n\n\n<p>Istnieje mo\u017cliwo\u015b\u0107 odbioru osobistego w sklepie stacjonarnym ul. A. G. Siedleckiego 24, 85-868 Bydgoszcz.<\/p>\n\n\n\n<p>Koszt wysy\u0142ki zosta\u0142 u\u015bredniony wzgl\u0119dem wszystkich produkt\u00f3w i wynosi 15 z\u0142 lub za pobraniem 18 z\u0142.\u00a0<\/p>\n\n\n\n<p>Zapewniamy, i\u017c wysy\u0142ane przez nas przesy\u0142ki s\u0105 pakowane z najwy\u017csz\u0105 dba\u0142o\u015bci\u0105. Dok\u0142adamy wszelkich stara\u0144, aby produkty by\u0142y odpowiednio zabezpieczone i dotar\u0142y do Klient\u00f3w w nienaruszonym stanie. Uszkodzenia przesy\u0142ek w trakcie transportu s\u0105 wynikiem nieodpowiedniego post\u0119powania przewo\u017anika.<\/p>\n","protected":false},"excerpt":{"rendered":"<p>Produkty posiadane w magazynie zam\u00f3wione do godz. 14:30 wysy\u0142amy tego samego dnia.&nbsp; Produkty wysy\u0142amy za po\u015brednictwem r\u00f3\u017cnych firm kurierskich, najcz\u0119\u015bciej inPost, DPD oraz DHL. Produkty&#8230;<\/p>\n<div class=\"more-link-wrapper\"><a class=\"more-link\" href=\"https:\/\/almach.pl\/sklep\/?page_id=602\/\">Read More<span class=\"screen-reader-text\">Dostawa &#8211; czas i koszt<\/span><\/a><\/div>\n","protected":false},"author":1,"featured_media":0,"parent":0,"menu_order":0,"comment_status":"closed","ping_status":"closed","template":"","meta":[],"_links":{"self":[{"href":"https:\/\/almach.pl\/sklep\/index.php?rest_route=\/wp\/v2\/pages\/602"}],"collection":[{"href":"https:\/\/almach.pl\/sklep\/index.php?rest_route=\/wp\/v2\/pages"}],"about":[{"href":"https:\/\/almach.pl\/sklep\/index.php?rest_route=\/wp\/v2\/types\/page"}],"author":[{"embeddable":true,"href":"https:\/\/almach.pl\/sklep\/index.php?rest_route=\/wp\/v2\/users\/1"}],"replies":[{"embeddable":true,"href":"https:\/\/almach.pl\/sklep\/index.php?rest_route=%2Fwp%2Fv2%2Fcomments&post=602"}],"version-history":[{"count":0,"href":"https:\/\/almach.pl\/sklep\/index.php?rest_route=\/wp\/v2\/pages\/602\/revisions"}],"wp:attachment":[{"href":"https:\/\/almach.pl\/sklep\/index.php?rest_route=%2Fwp%2Fv2%2Fmedia&parent=602"}],"curies":[{"name":"wp","href":"https:\/\/api.w.org\/{rel}","templated":true}]}}